{"id":9663,"date":"2025-10-13T05:43:15","date_gmt":"2025-10-13T05:43:15","guid":{"rendered":"https:\/\/mortadellabologna.com\/?page_id=9663"},"modified":"2025-11-03T13:57:05","modified_gmt":"2025-11-03T13:57:05","slug":"prodotto","status":"publish","type":"page","link":"https:\/\/mortadellabologna.com\/fr\/prodotto\/","title":{"rendered":"Prodotto"},"content":{"rendered":"\t\t<div data-elementor-type=\"wp-page\" data-elementor-id=\"9663\" class=\"elementor elementor-9663 elementor-7563\" data-elementor-post-type=\"page\">\n\t\t\t\t<div class=\"elementor-element elementor-element-9d77f60 home_hero elementor-hidden-mobile e-flex e-con-boxed e-con e-parent\" data-id=\"9d77f60\" data-element_type=\"container\" data-settings=\"{&quot;background_background&quot;:&quot;slideshow&quot;,&quot;background_slideshow_gallery&quot;:[{&quot;id&quot;:9330,&quot;url&quot;:&quot;https:\\\/\\\/mortadellabologna.com\\\/wp-content\\\/uploads\\\/2025\\\/09\\\/prodotto-hero.jpg&quot;}],&quot;background_slideshow_slide_duration&quot;:4000,&quot;background_slideshow_slide_transition&quot;:&quot;fade&quot;,&quot;background_slideshow_transition_duration&quot;:500}\">\n\t\t\t\t\t<div class=\"e-con-inner\">\n\t\t\t\t\t<\/div>\n\t\t\t\t<\/div>\n\t\t<div class=\"elementor-element elementor-element-a14bdab home_hero elementor-hidden-desktop elementor-hidden-laptop elementor-hidden-tablet e-flex e-con-boxed e-con e-parent\" data-id=\"a14bdab\" data-element_type=\"container\" data-settings=\"{&quot;background_background&quot;:&quot;slideshow&quot;,&quot;background_slideshow_gallery&quot;:[{&quot;id&quot;:9331,&quot;url&quot;:&quot;https:\\\/\\\/mortadellabologna.com\\\/wp-content\\\/uploads\\\/2025\\\/09\\\/storia-hero-mob.jpg&quot;}],&quot;background_slideshow_slide_duration&quot;:4000,&quot;background_slideshow_slide_transition&quot;:&quot;fade&quot;,&quot;background_slideshow_transition_duration&quot;:500}\">\n\t\t\t\t\t<div class=\"e-con-inner\">\n\t\t\t\t\t<\/div>\n\t\t\t\t<\/div>\n\t\t<div class=\"elementor-element elementor-element-b41ce2f e-flex e-con-boxed e-con e-parent\" data-id=\"b41ce2f\" data-element_type=\"container\">\n\t\t\t\t\t<div class=\"e-con-inner\">\n\t\t\t\t<div class=\"elementor-element elementor-element-28e4881 elementor-widget elementor-widget-shortcode\" data-id=\"28e4881\" data-element_type=\"widget\" data-widget_type=\"shortcode.default\">\n\t\t\t\t\t\t\t<div class=\"elementor-shortcode\"><span><span><a href=\"https:\/\/mortadellabologna.com\/fr\/\">Home<\/a><\/span><\/span><\/div>\n\t\t\t\t\t\t<\/div>\n\t\t\t\t\t<\/div>\n\t\t\t\t<\/div>\n\t\t<div class=\"elementor-element elementor-element-b3e4cba e-con-full e-flex e-con e-parent\" data-id=\"b3e4cba\" data-element_type=\"container\" id=\"produzione\">\n\t\t\t\t<div class=\"elementor-element elementor-element-07099ad big_heading elementor-widget elementor-widget-heading\" data-id=\"07099ad\" data-element_type=\"widget\" data-widget_type=\"heading.default\">\n\t\t\t\t\t<h2 class=\"elementor-heading-title elementor-size-default\">le produit<\/h2>\t\t\t\t<\/div>\n\t\t\t\t<\/div>\n\t\t<div class=\"elementor-element elementor-element-2a55d1c e-flex e-con-boxed e-con e-parent\" data-id=\"2a55d1c\" data-element_type=\"container\" data-settings=\"{&quot;background_background&quot;:&quot;classic&quot;}\">\n\t\t\t\t\t<div class=\"e-con-inner\">\n\t\t<div class=\"elementor-element elementor-element-05ffd83 e-con-full e-flex e-con e-child\" data-id=\"05ffd83\" data-element_type=\"container\">\n\t\t\t\t<div class=\"elementor-element elementor-element-4472ae2 elementor-widget elementor-widget-heading\" data-id=\"4472ae2\" data-element_type=\"widget\" data-widget_type=\"heading.default\">\n\t\t\t\t\t<h2 class=\"elementor-heading-title elementor-size-default\">\u00c9tapes de production<\/h2>\t\t\t\t<\/div>\n\t\t\t\t<\/div>\n\t\t\t\t\t<\/div>\n\t\t\t\t<\/div>\n\t\t<div class=\"elementor-element elementor-element-83b615c e-con-full e-flex e-con e-parent\" data-id=\"83b615c\" data-element_type=\"container\">\n\t\t<div class=\"elementor-element elementor-element-d3fdd25 e-flex e-con-boxed e-con e-child\" data-id=\"d3fdd25\" data-element_type=\"container\">\n\t\t\t\t\t<div class=\"e-con-inner\">\n\t\t<div class=\"elementor-element elementor-element-eb2234a e-con-full e-flex e-con e-child\" data-id=\"eb2234a\" data-element_type=\"container\">\n\t\t\t\t<div class=\"elementor-element elementor-element-a916ebe number-gradient elementor-widget elementor-widget-text-editor\" data-id=\"a916ebe\" data-element_type=\"widget\" data-widget_type=\"text-editor.default\">\n\t\t\t\t\t\t\t\t\t<p>01<\/p>\t\t\t\t\t\t\t\t<\/div>\n\t\t\t\t<div class=\"elementor-element elementor-element-b40d5d9 elementor-widget-mobile__width-initial elementor-widget elementor-widget-image-box\" data-id=\"b40d5d9\" data-element_type=\"widget\" data-widget_type=\"image-box.default\">\n\t\t\t\t\t<div class=\"elementor-image-box-wrapper\"><div class=\"elementor-image-box-content\"><h3 class=\"elementor-image-box-title\">S\u00e9lection des viandes<\/h3><p class=\"elementor-image-box-description\">Seules des viandes soigneusement s\u00e9lectionn\u00e9es de l\u2019\u00e9paule du porc, une coupe particuli\u00e8rement savoureuse et de grande qualit\u00e9, sont utilis\u00e9es, puis finement hach\u00e9es au hachoir.<\/p><\/div><\/div>\t\t\t\t<\/div>\n\t\t\t\t<\/div>\n\t\t<div class=\"elementor-element elementor-element-d44483d e-con-full e-flex e-con e-child\" data-id=\"d44483d\" data-element_type=\"container\">\n\t\t\t\t<div class=\"elementor-element elementor-element-aac34af number-gradient elementor-widget elementor-widget-text-editor\" data-id=\"aac34af\" data-element_type=\"widget\" data-widget_type=\"text-editor.default\">\n\t\t\t\t\t\t\t\t\t<p>02<\/p>\t\t\t\t\t\t\t\t<\/div>\n\t\t\t\t<div class=\"elementor-element elementor-element-f8a95b0 elementor-widget-mobile__width-initial elementor-widget elementor-widget-image-box\" data-id=\"f8a95b0\" data-element_type=\"widget\" data-widget_type=\"image-box.default\">\n\t\t\t\t\t<div class=\"elementor-image-box-wrapper\"><div class=\"elementor-image-box-content\"><h3 class=\"elementor-image-box-title\">Pr\u00e9paration de la p\u00e2te<\/h3><p class=\"elementor-image-box-description\">On y ajoute des lardelli, les classiques d\u00e9s de gras de gorge de porc de premi\u00e8re qualit\u00e9, ainsi que des ar\u00f4mes naturels. Le m\u00e9lange est ensuite emboss\u00e9 dans des boyaux naturels ou synth\u00e9tiques.<\/p><\/div><\/div>\t\t\t\t<\/div>\n\t\t\t\t<\/div>\n\t\t<div class=\"elementor-element elementor-element-0fc15df e-con-full e-flex e-con e-child\" data-id=\"0fc15df\" data-element_type=\"container\">\n\t\t\t\t<div class=\"elementor-element elementor-element-bd4ab69 number-gradient elementor-widget elementor-widget-text-editor\" data-id=\"bd4ab69\" data-element_type=\"widget\" data-widget_type=\"text-editor.default\">\n\t\t\t\t\t\t\t\t\t<p>03<\/p>\t\t\t\t\t\t\t\t<\/div>\n\t\t\t\t<div class=\"elementor-element elementor-element-9acfba5 elementor-widget-mobile__width-initial elementor-widget elementor-widget-image-box\" data-id=\"9acfba5\" data-element_type=\"widget\" data-widget_type=\"image-box.default\">\n\t\t\t\t\t<div class=\"elementor-image-box-wrapper\"><div class=\"elementor-image-box-content\"><h3 class=\"elementor-image-box-title\">cuisson<\/h3><p class=\"elementor-image-box-description\">La cuisson s\u2019effectue lentement dans des \u00e9tuves \u00e0 air sec (environ une heure de cuisson par centim\u00e8tre de diam\u00e8tre), jusqu\u2019\u00e0 atteindre une temp\u00e9rature de 70\u00b0C \u00e0 c\u0153ur.<\/p><\/div><\/div>\t\t\t\t<\/div>\n\t\t\t\t<\/div>\n\t\t<div class=\"elementor-element elementor-element-c28d171 e-con-full e-flex e-con e-child\" data-id=\"c28d171\" data-element_type=\"container\">\n\t\t\t\t<div class=\"elementor-element elementor-element-9993327 number-gradient elementor-widget elementor-widget-text-editor\" data-id=\"9993327\" data-element_type=\"widget\" data-widget_type=\"text-editor.default\">\n\t\t\t\t\t\t\t\t\t<p>04<\/p>\t\t\t\t\t\t\t\t<\/div>\n\t\t\t\t<div class=\"elementor-element elementor-element-268a2af elementor-widget-mobile__width-initial elementor-widget elementor-widget-image-box\" data-id=\"268a2af\" data-element_type=\"widget\" data-widget_type=\"image-box.default\">\n\t\t\t\t\t<div class=\"elementor-image-box-wrapper\"><div class=\"elementor-image-box-content\"><h3 class=\"elementor-image-box-title\">Refroidissement<\/h3><p class=\"elementor-image-box-description\">Le produit est ensuite rapidement refroidi par une douche froide afin d\u2019en pr\u00e9server la couleur et l\u2019ar\u00f4me, puis laiss\u00e9 \u00e0 reposer.<\/p><\/div><\/div>\t\t\t\t<\/div>\n\t\t\t\t<\/div>\n\t\t\t\t\t<\/div>\n\t\t\t\t<\/div>\n\t\t<div class=\"elementor-element elementor-element-317e06e elementor-hidden-mobile e-flex e-con-boxed e-con e-child\" data-id=\"317e06e\" data-element_type=\"container\" data-settings=\"{&quot;background_background&quot;:&quot;classic&quot;,&quot;position&quot;:&quot;absolute&quot;}\">\n\t\t\t\t\t<div class=\"e-con-inner\">\n\t\t\t\t\t<\/div>\n\t\t\t\t<\/div>\n\t\t<div class=\"elementor-element elementor-element-ef72999 e-con-full e-transform elementor-hidden-mobile e-flex e-con e-child\" data-id=\"ef72999\" data-element_type=\"container\" data-settings=\"{&quot;background_background&quot;:&quot;classic&quot;,&quot;position&quot;:&quot;absolute&quot;,&quot;_transform_flipX_effect&quot;:&quot;transform&quot;}\">\n\t\t\t\t<\/div>\n\t\t<div class=\"elementor-element elementor-element-1f46304 elementor-hidden-desktop elementor-hidden-laptop elementor-hidden-tablet e-flex e-con-boxed e-con e-child\" data-id=\"1f46304\" data-element_type=\"container\" data-settings=\"{&quot;background_background&quot;:&quot;classic&quot;,&quot;position&quot;:&quot;absolute&quot;}\">\n\t\t\t\t\t<div class=\"e-con-inner\">\n\t\t\t\t\t<\/div>\n\t\t\t\t<\/div>\n\t\t\t\t<\/div>\n\t\t<div class=\"elementor-element elementor-element-2922e5b e-con-full e-flex e-con e-parent\" data-id=\"2922e5b\" data-element_type=\"container\" id=\"taglio\" data-settings=\"{&quot;background_background&quot;:&quot;classic&quot;}\">\n\t\t\t\t<div class=\"elementor-element elementor-element-2490d29 big_heading elementor-widget elementor-widget-heading\" data-id=\"2490d29\" data-element_type=\"widget\" id=\"decoupe\" data-widget_type=\"heading.default\">\n\t\t\t\t\t<h2 class=\"elementor-heading-title elementor-size-default\">La d\u00e9coupe<\/h2>\t\t\t\t<\/div>\n\t\t<div class=\"elementor-element elementor-element-09f030e e-flex e-con-boxed e-con e-child\" data-id=\"09f030e\" data-element_type=\"container\">\n\t\t\t\t\t<div class=\"e-con-inner\">\n\t\t<div class=\"elementor-element elementor-element-0e492f2 e-con-full e-flex e-con e-child\" data-id=\"0e492f2\" data-element_type=\"container\" data-settings=\"{&quot;background_background&quot;:&quot;classic&quot;}\">\n\t\t\t\t<div class=\"elementor-element elementor-element-dc88a9b elementor-widget elementor-widget-text-editor\" data-id=\"dc88a9b\" data-element_type=\"widget\" data-widget_type=\"text-editor.default\">\n\t\t\t\t\t\t\t\t\t<p>01<\/p>\t\t\t\t\t\t\t\t<\/div>\n\t\t\t\t<div class=\"elementor-element elementor-element-a4d936e elementor-widget__width-initial elementor-widget elementor-widget-image-box\" data-id=\"a4d936e\" data-element_type=\"widget\" data-widget_type=\"image-box.default\">\n\t\t\t\t\t<div class=\"elementor-image-box-wrapper\"><div class=\"elementor-image-box-content\"><p class=\"elementor-image-box-description\">On retire la ficelle et on incise d\u00e9licatement le boyau, \u00e0 enlever progressivement afin de pr\u00e9server la tendret\u00e9 et l\u2019ar\u00f4me du produit, tout en \u00e9vitant l\u2019oxydation de la partie expos\u00e9e.<\/p><\/div><\/div>\t\t\t\t<\/div>\n\t\t\t\t<\/div>\n\t\t<div class=\"elementor-element elementor-element-8d8e26b e-con-full e-flex e-con e-child\" data-id=\"8d8e26b\" data-element_type=\"container\" data-settings=\"{&quot;background_background&quot;:&quot;classic&quot;}\">\n\t\t\t\t<div class=\"elementor-element elementor-element-4837a53 elementor-widget elementor-widget-text-editor\" data-id=\"4837a53\" data-element_type=\"widget\" data-widget_type=\"text-editor.default\">\n\t\t\t\t\t\t\t\t\t<p>02<\/p>\t\t\t\t\t\t\t\t<\/div>\n\t\t\t\t<div class=\"elementor-element elementor-element-f7f5786 elementor-widget__width-initial elementor-widget elementor-widget-image-box\" data-id=\"f7f5786\" data-element_type=\"widget\" data-widget_type=\"image-box.default\">\n\t\t\t\t\t<div class=\"elementor-image-box-wrapper\"><div class=\"elementor-image-box-content\"><p class=\"elementor-image-box-description\">Placer la Mortadella sur la trancheuse en veillant \u00e0 ce que la base de coupe adh\u00e8re parfaitement \u00e0 la lame. Trancher avec des mouvements r\u00e9guliers et continus pour obtenir des tranches fines, intactes et uniformes.<\/p><\/div><\/div>\t\t\t\t<\/div>\n\t\t\t\t<\/div>\n\t\t<div class=\"elementor-element elementor-element-2e38d79 e-con-full e-flex e-con e-child\" data-id=\"2e38d79\" data-element_type=\"container\" data-settings=\"{&quot;background_background&quot;:&quot;classic&quot;}\">\n\t\t\t\t<div class=\"elementor-element elementor-element-693dc9c elementor-widget elementor-widget-text-editor\" data-id=\"693dc9c\" data-element_type=\"widget\" data-widget_type=\"text-editor.default\">\n\t\t\t\t\t\t\t\t\t<p>03<\/p>\t\t\t\t\t\t\t\t<\/div>\n\t\t\t\t<div class=\"elementor-element elementor-element-62aa5e4 elementor-widget__width-initial elementor-widget elementor-widget-image-box\" data-id=\"62aa5e4\" data-element_type=\"widget\" data-widget_type=\"image-box.default\">\n\t\t\t\t\t<div class=\"elementor-image-box-wrapper\"><div class=\"elementor-image-box-content\"><p class=\"elementor-image-box-description\">Disposer les tranches soigneusement sur du papier alimentaire, sans les superposer excessivement. Le papier doit les envelopper d\u00e9licatement, en les prot\u00e9geant sans les \u00e9craser.<\/p><\/div><\/div>\t\t\t\t<\/div>\n\t\t\t\t<\/div>\n\t\t<div class=\"elementor-element elementor-element-1e67172 e-con-full e-flex e-con e-child\" data-id=\"1e67172\" data-element_type=\"container\" data-settings=\"{&quot;background_background&quot;:&quot;classic&quot;}\">\n\t\t\t\t<div class=\"elementor-element elementor-element-a801603 elementor-widget elementor-widget-text-editor\" data-id=\"a801603\" data-element_type=\"widget\" data-widget_type=\"text-editor.default\">\n\t\t\t\t\t\t\t\t\t<p>04<\/p>\t\t\t\t\t\t\t\t<\/div>\n\t\t\t\t<div class=\"elementor-element elementor-element-b59aea0 elementor-widget__width-initial elementor-widget elementor-widget-image-box\" data-id=\"b59aea0\" data-element_type=\"widget\" data-widget_type=\"image-box.default\">\n\t\t\t\t\t<div class=\"elementor-image-box-wrapper\"><div class=\"elementor-image-box-content\"><p class=\"elementor-image-box-description\">Autres formats : pour la couper en d\u00e9s, r\u00e9aliser des cubes d\u2019environ 1 cm de c\u00f4t\u00e9.\nPour la servir en quartiers, partir d\u2019une tranche cylindrique \u00e0 diviser en segments r\u00e9guliers.<\/p><\/div><\/div>\t\t\t\t<\/div>\n\t\t\t\t<\/div>\n\t\t\t\t\t<\/div>\n\t\t\t\t<\/div>\n\t\t<div class=\"elementor-element elementor-element-3b95771 e-flex e-con-boxed e-con e-child\" data-id=\"3b95771\" data-element_type=\"container\">\n\t\t\t\t\t<div class=\"e-con-inner\">\n\t\t\t\t<div class=\"elementor-element elementor-element-df2abd6 image-star elementor-widget elementor-widget-image\" data-id=\"df2abd6\" data-element_type=\"widget\" data-widget_type=\"image.default\">\n\t\t\t\t\t\t\t\t\t\t\t\t\t\t\t<img fetchpriority=\"high\" decoding=\"async\" width=\"677\" height=\"440\" src=\"https:\/\/mortadellabologna.kleecks-cdn.com\/wp-content\/uploads\/2025\/10\/prodotto-slice-img.png\" class=\"attachment-large size-large wp-image-9661\" alt=\"\" srcset=\"https:\/\/mortadellabologna.kleecks-cdn.com\/wp-content\/uploads\/2025\/10\/prodotto-slice-img.png%20677w,%20https:\/mortadellabologna.kleecks-cdn.com\/wp-content\/uploads\/2025\/10\/prodotto-slice-img-300x195.png%20300w\" sizes=\"(max-width: 677px) 100vw, 677px\" \/>\t\t\t\t\t\t\t\t\t\t\t\t\t\t\t<\/div>\n\t\t\t\t\t<\/div>\n\t\t\t\t<\/div>\n\t\t\t\t<\/div>\n\t\t\t\t<\/div>\n\t\t","protected":false},"excerpt":{"rendered":"<p>le produit \u00c9tapes de production 01 S\u00e9lection des viandes Seules des viandes soigneusement s\u00e9lectionn\u00e9es de l\u2019\u00e9paule du porc, une coupe particuli\u00e8rement savoureuse et de grande qualit\u00e9, sont utilis\u00e9es, puis finement hach\u00e9es au hachoir. 02 Pr\u00e9paration de la p\u00e2te On y ajoute des lardelli, les classiques d\u00e9s de gras de gorge de porc de premi\u00e8re qualit\u00e9, [&hellip;]<\/p>\n","protected":false},"author":9,"featured_media":0,"parent":0,"menu_order":0,"comment_status":"closed","ping_status":"closed","template":"","meta":{"_acf_changed":false,"footnotes":""},"class_list":["post-9663","page","type-page","status-publish","hentry"],"acf":[],"yoast_head":"<!-- This site is optimized with the Yoast SEO plugin v26.2 - https:\/\/yoast.com\/wordpress\/plugins\/seo\/ -->\n<title>Prodotto - Mortadella Bologna<\/title>\n<meta name=\"robots\" content=\"index, follow, max-snippet:-1, max-image-preview:large, max-video-preview:-1\" \/>\n<link rel=\"canonical\" href=\"https:\/\/mortadellabologna.com\/fr\/prodotto\/\" \/>\n<meta property=\"og:locale\" content=\"fr_FR\" \/>\n<meta property=\"og:type\" content=\"article\" \/>\n<meta property=\"og:title\" content=\"Prodotto - Mortadella Bologna\" \/>\n<meta property=\"og:description\" content=\"le produit \u00c9tapes de production 01 S\u00e9lection des viandes Seules des viandes soigneusement s\u00e9lectionn\u00e9es de l\u2019\u00e9paule du porc, une coupe particuli\u00e8rement savoureuse et de grande qualit\u00e9, sont utilis\u00e9es, puis finement hach\u00e9es au hachoir. 02 Pr\u00e9paration de la p\u00e2te On y ajoute des lardelli, les classiques d\u00e9s de gras de gorge de porc de premi\u00e8re qualit\u00e9, [&hellip;]\" \/>\n<meta property=\"og:url\" content=\"https:\/\/mortadellabologna.com\/fr\/prodotto\/\" \/>\n<meta property=\"og:site_name\" content=\"Mortadella Bologna\" \/>\n<meta property=\"article:modified_time\" content=\"2025-11-03T13:57:05+00:00\" \/>\n<meta property=\"og:image\" content=\"https:\/\/mortadellabologna.kleecks-cdn.com\/wp-content\/uploads\/2025\/10\/prodotto-slice-img.png\" \/>\n\t<meta property=\"og:image:width\" content=\"677\" \/>\n\t<meta property=\"og:image:height\" content=\"440\" \/>\n\t<meta property=\"og:image:type\" content=\"image\/png\" \/>\n<meta name=\"twitter:card\" content=\"summary_large_image\" \/>\n<meta name=\"twitter:label1\" content=\"Dur\u00e9e de lecture estim\u00e9e\" \/>\n\t<meta name=\"twitter:data1\" content=\"2 minutes\" \/>\n<script type=\"application\/ld+json\" class=\"yoast-schema-graph\">{\"@context\":\"https:\/\/schema.org\",\"@graph\":[{\"@type\":\"WebPage\",\"@id\":\"https:\/\/mortadellabologna.com\/fr\/prodotto\/\",\"url\":\"https:\/\/mortadellabologna.com\/fr\/prodotto\/\",\"name\":\"Prodotto - Mortadella Bologna\",\"isPartOf\":{\"@id\":\"https:\/\/mortadellabologna.com\/fr\/#website\"},\"primaryImageOfPage\":{\"@id\":\"https:\/\/mortadellabologna.com\/fr\/prodotto\/#primaryimage\"},\"image\":{\"@id\":\"https:\/\/mortadellabologna.com\/fr\/prodotto\/#primaryimage\"},\"thumbnailUrl\":\"https:\/\/mortadellabologna.kleecks-cdn.com\/wp-content\/uploads\/2025\/10\/prodotto-slice-img.png\",\"datePublished\":\"2025-10-13T05:43:15+00:00\",\"dateModified\":\"2025-11-03T13:57:05+00:00\",\"breadcrumb\":{\"@id\":\"https:\/\/mortadellabologna.com\/fr\/prodotto\/#breadcrumb\"},\"inLanguage\":\"fr-FR\",\"potentialAction\":[{\"@type\":\"ReadAction\",\"target\":[\"https:\/\/mortadellabologna.com\/fr\/prodotto\/\"]}]},{\"@type\":\"ImageObject\",\"inLanguage\":\"fr-FR\",\"@id\":\"https:\/\/mortadellabologna.com\/fr\/prodotto\/#primaryimage\",\"url\":\"https:\/\/mortadellabologna.kleecks-cdn.com\/wp-content\/uploads\/2025\/10\/prodotto-slice-img.png\",\"contentUrl\":\"https:\/\/mortadellabologna.kleecks-cdn.com\/wp-content\/uploads\/2025\/10\/prodotto-slice-img.png\"},{\"@type\":\"BreadcrumbList\",\"@id\":\"https:\/\/mortadellabologna.com\/fr\/prodotto\/#breadcrumb\",\"itemListElement\":[{\"@type\":\"ListItem\",\"position\":1,\"name\":\"Home\",\"item\":\"https:\/\/mortadellabologna.com\/fr\/\"},{\"@type\":\"ListItem\",\"position\":2,\"name\":\"Prodotto\"}]},{\"@type\":\"WebSite\",\"@id\":\"https:\/\/mortadellabologna.com\/fr\/#website\",\"url\":\"https:\/\/mortadellabologna.com\/fr\/\",\"name\":\"Mortadella Bologna\",\"description\":\"Consorzio Mortadella Bologna \",\"potentialAction\":[{\"@type\":\"SearchAction\",\"target\":{\"@type\":\"EntryPoint\",\"urlTemplate\":\"https:\/\/mortadellabologna.com\/fr\/?s={search_term_string}\"},\"query-input\":{\"@type\":\"PropertyValueSpecification\",\"valueRequired\":true,\"valueName\":\"search_term_string\"}}],\"inLanguage\":\"fr-FR\"}]}<\/script>\n<!-- \/ Yoast SEO plugin. -->","yoast_head_json":{"title":"Prodotto - Mortadella Bologna","robots":{"index":"index","follow":"follow","max-snippet":"max-snippet:-1","max-image-preview":"max-image-preview:large","max-video-preview":"max-video-preview:-1"},"canonical":"https:\/\/mortadellabologna.com\/fr\/prodotto\/","og_locale":"fr_FR","og_type":"article","og_title":"Prodotto - Mortadella Bologna","og_description":"le produit \u00c9tapes de production 01 S\u00e9lection des viandes Seules des viandes soigneusement s\u00e9lectionn\u00e9es de l\u2019\u00e9paule du porc, une coupe particuli\u00e8rement savoureuse et de grande qualit\u00e9, sont utilis\u00e9es, puis finement hach\u00e9es au hachoir. 02 Pr\u00e9paration de la p\u00e2te On y ajoute des lardelli, les classiques d\u00e9s de gras de gorge de porc de premi\u00e8re qualit\u00e9, [&hellip;]","og_url":"https:\/\/mortadellabologna.com\/fr\/prodotto\/","og_site_name":"Mortadella Bologna","article_modified_time":"2025-11-03T13:57:05+00:00","og_image":[{"width":677,"height":440,"url":"https:\/\/mortadellabologna.kleecks-cdn.com\/wp-content\/uploads\/2025\/10\/prodotto-slice-img.png","type":"image\/png"}],"twitter_card":"summary_large_image","twitter_misc":{"Dur\u00e9e de lecture estim\u00e9e":"2 minutes"},"schema":{"@context":"https:\/\/schema.org","@graph":[{"@type":"WebPage","@id":"https:\/\/mortadellabologna.com\/fr\/prodotto\/","url":"https:\/\/mortadellabologna.com\/fr\/prodotto\/","name":"Prodotto - Mortadella Bologna","isPartOf":{"@id":"https:\/\/mortadellabologna.com\/fr\/#website"},"primaryImageOfPage":{"@id":"https:\/\/mortadellabologna.com\/fr\/prodotto\/#primaryimage"},"image":{"@id":"https:\/\/mortadellabologna.com\/fr\/prodotto\/#primaryimage"},"thumbnailUrl":"https:\/\/mortadellabologna.kleecks-cdn.com\/wp-content\/uploads\/2025\/10\/prodotto-slice-img.png","datePublished":"2025-10-13T05:43:15+00:00","dateModified":"2025-11-03T13:57:05+00:00","breadcrumb":{"@id":"https:\/\/mortadellabologna.com\/fr\/prodotto\/#breadcrumb"},"inLanguage":"fr-FR","potentialAction":[{"@type":"ReadAction","target":["https:\/\/mortadellabologna.com\/fr\/prodotto\/"]}]},{"@type":"ImageObject","inLanguage":"fr-FR","@id":"https:\/\/mortadellabologna.com\/fr\/prodotto\/#primaryimage","url":"https:\/\/mortadellabologna.kleecks-cdn.com\/wp-content\/uploads\/2025\/10\/prodotto-slice-img.png","contentUrl":"https:\/\/mortadellabologna.kleecks-cdn.com\/wp-content\/uploads\/2025\/10\/prodotto-slice-img.png"},{"@type":"BreadcrumbList","@id":"https:\/\/mortadellabologna.com\/fr\/prodotto\/#breadcrumb","itemListElement":[{"@type":"ListItem","position":1,"name":"Home","item":"https:\/\/mortadellabologna.com\/fr\/"},{"@type":"ListItem","position":2,"name":"Prodotto"}]},{"@type":"WebSite","@id":"https:\/\/mortadellabologna.com\/fr\/#website","url":"https:\/\/mortadellabologna.com\/fr\/","name":"Mortadella Bologna","description":"Consorzio Mortadella Bologna ","potentialAction":[{"@type":"SearchAction","target":{"@type":"EntryPoint","urlTemplate":"https:\/\/mortadellabologna.com\/fr\/?s={search_term_string}"},"query-input":{"@type":"PropertyValueSpecification","valueRequired":true,"valueName":"search_term_string"}}],"inLanguage":"fr-FR"}]}},"_links":{"self":[{"href":"https:\/\/mortadellabologna.com\/fr\/wp-json\/wp\/v2\/pages\/9663","targetHints":{"allow":["GET"]}}],"collection":[{"href":"https:\/\/mortadellabologna.com\/fr\/wp-json\/wp\/v2\/pages"}],"about":[{"href":"https:\/\/mortadellabologna.com\/fr\/wp-json\/wp\/v2\/types\/page"}],"author":[{"embeddable":true,"href":"https:\/\/mortadellabologna.com\/fr\/wp-json\/wp\/v2\/users\/9"}],"replies":[{"embeddable":true,"href":"https:\/\/mortadellabologna.com\/fr\/wp-json\/wp\/v2\/comments?post=9663"}],"version-history":[{"count":18,"href":"https:\/\/mortadellabologna.com\/fr\/wp-json\/wp\/v2\/pages\/9663\/revisions"}],"predecessor-version":[{"id":11420,"href":"https:\/\/mortadellabologna.com\/fr\/wp-json\/wp\/v2\/pages\/9663\/revisions\/11420"}],"wp:attachment":[{"href":"https:\/\/mortadellabologna.com\/fr\/wp-json\/wp\/v2\/media?parent=9663"}],"curies":[{"name":"wp","href":"https:\/\/api.w.org\/{rel}","templated":true}]}}