{"id":9696,"date":"2025-10-13T05:43:15","date_gmt":"2025-10-13T05:43:15","guid":{"rendered":"https:\/\/mortadellabologna.com\/?page_id=9696"},"modified":"2025-11-03T13:58:29","modified_gmt":"2025-11-03T13:58:29","slug":"prodotto","status":"publish","type":"page","link":"https:\/\/mortadellabologna.com\/es\/prodotto\/","title":{"rendered":"Prodotto"},"content":{"rendered":"\t\t<div data-elementor-type=\"wp-page\" data-elementor-id=\"9696\" class=\"elementor elementor-9696 elementor-7563\" data-elementor-post-type=\"page\">\n\t\t\t\t<div class=\"elementor-element elementor-element-9d77f60 home_hero elementor-hidden-mobile e-flex e-con-boxed e-con e-parent\" data-id=\"9d77f60\" data-element_type=\"container\" data-settings=\"{&quot;background_background&quot;:&quot;slideshow&quot;,&quot;background_slideshow_gallery&quot;:[{&quot;id&quot;:9366,&quot;url&quot;:&quot;https:\\\/\\\/mortadellabologna.com\\\/wp-content\\\/uploads\\\/2025\\\/09\\\/prodotto-hero.jpg&quot;}],&quot;background_slideshow_slide_duration&quot;:4000,&quot;background_slideshow_slide_transition&quot;:&quot;fade&quot;,&quot;background_slideshow_transition_duration&quot;:500}\">\n\t\t\t\t\t<div class=\"e-con-inner\">\n\t\t\t\t\t<\/div>\n\t\t\t\t<\/div>\n\t\t<div class=\"elementor-element elementor-element-a14bdab home_hero elementor-hidden-desktop elementor-hidden-laptop elementor-hidden-tablet e-flex e-con-boxed e-con e-parent\" data-id=\"a14bdab\" data-element_type=\"container\" data-settings=\"{&quot;background_background&quot;:&quot;slideshow&quot;,&quot;background_slideshow_gallery&quot;:[{&quot;id&quot;:9367,&quot;url&quot;:&quot;https:\\\/\\\/mortadellabologna.com\\\/wp-content\\\/uploads\\\/2025\\\/09\\\/storia-hero-mob.jpg&quot;}],&quot;background_slideshow_slide_duration&quot;:4000,&quot;background_slideshow_slide_transition&quot;:&quot;fade&quot;,&quot;background_slideshow_transition_duration&quot;:500}\">\n\t\t\t\t\t<div class=\"e-con-inner\">\n\t\t\t\t\t<\/div>\n\t\t\t\t<\/div>\n\t\t<div class=\"elementor-element elementor-element-b41ce2f e-flex e-con-boxed e-con e-parent\" data-id=\"b41ce2f\" data-element_type=\"container\">\n\t\t\t\t\t<div class=\"e-con-inner\">\n\t\t\t\t<div class=\"elementor-element elementor-element-28e4881 elementor-widget elementor-widget-shortcode\" data-id=\"28e4881\" data-element_type=\"widget\" data-widget_type=\"shortcode.default\">\n\t\t\t\t\t\t\t<div class=\"elementor-shortcode\"><span><span><a href=\"https:\/\/mortadellabologna.com\/es\/\">Home<\/a><\/span><\/span><\/div>\n\t\t\t\t\t\t<\/div>\n\t\t\t\t\t<\/div>\n\t\t\t\t<\/div>\n\t\t<div class=\"elementor-element elementor-element-b3e4cba e-con-full e-flex e-con e-parent\" data-id=\"b3e4cba\" data-element_type=\"container\" id=\"produzione\">\n\t\t\t\t<div class=\"elementor-element elementor-element-07099ad big_heading elementor-widget elementor-widget-heading\" data-id=\"07099ad\" data-element_type=\"widget\" data-widget_type=\"heading.default\">\n\t\t\t\t\t<h2 class=\"elementor-heading-title elementor-size-default\">el producto<\/h2>\t\t\t\t<\/div>\n\t\t\t\t<\/div>\n\t\t<div class=\"elementor-element elementor-element-2a55d1c e-flex e-con-boxed e-con e-parent\" data-id=\"2a55d1c\" data-element_type=\"container\" data-settings=\"{&quot;background_background&quot;:&quot;classic&quot;}\">\n\t\t\t\t\t<div class=\"e-con-inner\">\n\t\t<div class=\"elementor-element elementor-element-05ffd83 e-con-full e-flex e-con e-child\" data-id=\"05ffd83\" data-element_type=\"container\">\n\t\t\t\t<div class=\"elementor-element elementor-element-4472ae2 elementor-widget elementor-widget-heading\" data-id=\"4472ae2\" data-element_type=\"widget\" data-widget_type=\"heading.default\">\n\t\t\t\t\t<h2 class=\"elementor-heading-title elementor-size-default\">Fases de producci\u00f3n<\/h2>\t\t\t\t<\/div>\n\t\t\t\t<\/div>\n\t\t\t\t\t<\/div>\n\t\t\t\t<\/div>\n\t\t<div class=\"elementor-element elementor-element-83b615c e-con-full e-flex e-con e-parent\" data-id=\"83b615c\" data-element_type=\"container\">\n\t\t<div class=\"elementor-element elementor-element-d3fdd25 e-flex e-con-boxed e-con e-child\" data-id=\"d3fdd25\" data-element_type=\"container\">\n\t\t\t\t\t<div class=\"e-con-inner\">\n\t\t<div class=\"elementor-element elementor-element-eb2234a e-con-full e-flex e-con e-child\" data-id=\"eb2234a\" data-element_type=\"container\">\n\t\t\t\t<div class=\"elementor-element elementor-element-a916ebe number-gradient elementor-widget elementor-widget-text-editor\" data-id=\"a916ebe\" data-element_type=\"widget\" data-widget_type=\"text-editor.default\">\n\t\t\t\t\t\t\t\t\t<p>01<\/p>\t\t\t\t\t\t\t\t<\/div>\n\t\t\t\t<div class=\"elementor-element elementor-element-b40d5d9 elementor-widget-mobile__width-initial elementor-widget elementor-widget-image-box\" data-id=\"b40d5d9\" data-element_type=\"widget\" data-widget_type=\"image-box.default\">\n\t\t\t\t\t<div class=\"elementor-image-box-wrapper\"><div class=\"elementor-image-box-content\"><h3 class=\"elementor-image-box-title\">Selecci\u00f3n de las carnes<\/h3><p class=\"elementor-image-box-description\">Se utilizan \u00fanicamente carnes seleccionadas de paleta de cerdo, un corte especialmente sabroso y de gran calidad, que se muele finamente con una picadora de carne.<\/p><\/div><\/div>\t\t\t\t<\/div>\n\t\t\t\t<\/div>\n\t\t<div class=\"elementor-element elementor-element-d44483d e-con-full e-flex e-con e-child\" data-id=\"d44483d\" data-element_type=\"container\">\n\t\t\t\t<div class=\"elementor-element elementor-element-aac34af number-gradient elementor-widget elementor-widget-text-editor\" data-id=\"aac34af\" data-element_type=\"widget\" data-widget_type=\"text-editor.default\">\n\t\t\t\t\t\t\t\t\t<p>02<\/p>\t\t\t\t\t\t\t\t<\/div>\n\t\t\t\t<div class=\"elementor-element elementor-element-f8a95b0 elementor-widget-mobile__width-initial elementor-widget elementor-widget-image-box\" data-id=\"f8a95b0\" data-element_type=\"widget\" data-widget_type=\"image-box.default\">\n\t\t\t\t\t<div class=\"elementor-image-box-wrapper\"><div class=\"elementor-image-box-content\"><h3 class=\"elementor-image-box-title\">Preparaci\u00f3n de la masa<\/h3><p class=\"elementor-image-box-description\">Se a\u00f1aden lardelli, los cl\u00e1sicos cubos de grasa noble de la garganta del cerdo, junto con aromas naturales. La mezcla se embute luego en envolturas naturales o sint\u00e9ticas.<\/p><\/div><\/div>\t\t\t\t<\/div>\n\t\t\t\t<\/div>\n\t\t<div class=\"elementor-element elementor-element-0fc15df e-con-full e-flex e-con e-child\" data-id=\"0fc15df\" data-element_type=\"container\">\n\t\t\t\t<div class=\"elementor-element elementor-element-bd4ab69 number-gradient elementor-widget elementor-widget-text-editor\" data-id=\"bd4ab69\" data-element_type=\"widget\" data-widget_type=\"text-editor.default\">\n\t\t\t\t\t\t\t\t\t<p>03<\/p>\t\t\t\t\t\t\t\t<\/div>\n\t\t\t\t<div class=\"elementor-element elementor-element-9acfba5 elementor-widget-mobile__width-initial elementor-widget elementor-widget-image-box\" data-id=\"9acfba5\" data-element_type=\"widget\" data-widget_type=\"image-box.default\">\n\t\t\t\t\t<div class=\"elementor-image-box-wrapper\"><div class=\"elementor-image-box-content\"><h3 class=\"elementor-image-box-title\">cocci\u00f3n<\/h3><p class=\"elementor-image-box-description\">La cocci\u00f3n se realiza en hornos de aire seco (aproximadamente una hora de cocci\u00f3n por cada cent\u00edmetro de di\u00e1metro), hasta alcanzar una temperatura interna de 70 \u00b0C en el \u201ccoraz\u00f3n\u201d del producto.<\/p><\/div><\/div>\t\t\t\t<\/div>\n\t\t\t\t<\/div>\n\t\t<div class=\"elementor-element elementor-element-c28d171 e-con-full e-flex e-con e-child\" data-id=\"c28d171\" data-element_type=\"container\">\n\t\t\t\t<div class=\"elementor-element elementor-element-9993327 number-gradient elementor-widget elementor-widget-text-editor\" data-id=\"9993327\" data-element_type=\"widget\" data-widget_type=\"text-editor.default\">\n\t\t\t\t\t\t\t\t\t<p>04<\/p>\t\t\t\t\t\t\t\t<\/div>\n\t\t\t\t<div class=\"elementor-element elementor-element-268a2af elementor-widget-mobile__width-initial elementor-widget elementor-widget-image-box\" data-id=\"268a2af\" data-element_type=\"widget\" data-widget_type=\"image-box.default\">\n\t\t\t\t\t<div class=\"elementor-image-box-wrapper\"><div class=\"elementor-image-box-content\"><h3 class=\"elementor-image-box-title\">Enfriamiento<\/h3><p class=\"elementor-image-box-description\">Posteriormente, el producto se enfr\u00eda r\u00e1pidamente mediante una ducha fr\u00eda para preservar su color y aroma, y luego se deja reposar.<\/p><\/div><\/div>\t\t\t\t<\/div>\n\t\t\t\t<\/div>\n\t\t\t\t\t<\/div>\n\t\t\t\t<\/div>\n\t\t<div class=\"elementor-element elementor-element-317e06e elementor-hidden-mobile e-flex e-con-boxed e-con e-child\" data-id=\"317e06e\" data-element_type=\"container\" data-settings=\"{&quot;background_background&quot;:&quot;classic&quot;,&quot;position&quot;:&quot;absolute&quot;}\">\n\t\t\t\t\t<div class=\"e-con-inner\">\n\t\t\t\t\t<\/div>\n\t\t\t\t<\/div>\n\t\t<div class=\"elementor-element elementor-element-ef72999 e-con-full e-transform elementor-hidden-mobile e-flex e-con e-child\" data-id=\"ef72999\" data-element_type=\"container\" data-settings=\"{&quot;background_background&quot;:&quot;classic&quot;,&quot;position&quot;:&quot;absolute&quot;,&quot;_transform_flipX_effect&quot;:&quot;transform&quot;}\">\n\t\t\t\t<\/div>\n\t\t<div class=\"elementor-element elementor-element-1f46304 elementor-hidden-desktop elementor-hidden-laptop elementor-hidden-tablet e-flex e-con-boxed e-con e-child\" data-id=\"1f46304\" data-element_type=\"container\" data-settings=\"{&quot;background_background&quot;:&quot;classic&quot;,&quot;position&quot;:&quot;absolute&quot;}\">\n\t\t\t\t\t<div class=\"e-con-inner\">\n\t\t\t\t\t<\/div>\n\t\t\t\t<\/div>\n\t\t\t\t<\/div>\n\t\t<div class=\"elementor-element elementor-element-2922e5b e-con-full e-flex e-con e-parent\" data-id=\"2922e5b\" data-element_type=\"container\" id=\"taglio\" data-settings=\"{&quot;background_background&quot;:&quot;classic&quot;}\">\n\t\t\t\t<div class=\"elementor-element elementor-element-0dcf977 big_heading elementor-widget elementor-widget-heading\" data-id=\"0dcf977\" data-element_type=\"widget\" id=\"corte\" data-widget_type=\"heading.default\">\n\t\t\t\t\t<h2 class=\"elementor-heading-title elementor-size-default\">El corte<\/h2>\t\t\t\t<\/div>\n\t\t<div class=\"elementor-element elementor-element-09f030e e-flex e-con-boxed e-con e-child\" data-id=\"09f030e\" data-element_type=\"container\">\n\t\t\t\t\t<div class=\"e-con-inner\">\n\t\t<div class=\"elementor-element elementor-element-0e492f2 e-con-full e-flex e-con e-child\" data-id=\"0e492f2\" data-element_type=\"container\" data-settings=\"{&quot;background_background&quot;:&quot;classic&quot;}\">\n\t\t\t\t<div class=\"elementor-element elementor-element-dc88a9b elementor-widget elementor-widget-text-editor\" data-id=\"dc88a9b\" data-element_type=\"widget\" data-widget_type=\"text-editor.default\">\n\t\t\t\t\t\t\t\t\t<p>01<\/p>\t\t\t\t\t\t\t\t<\/div>\n\t\t\t\t<div class=\"elementor-element elementor-element-a4d936e elementor-widget__width-initial elementor-widget elementor-widget-image-box\" data-id=\"a4d936e\" data-element_type=\"widget\" data-widget_type=\"image-box.default\">\n\t\t\t\t\t<div class=\"elementor-image-box-wrapper\"><div class=\"elementor-image-box-content\"><p class=\"elementor-image-box-description\">Se retira la cuerda y se realiza una incisi\u00f3n en la tripa, que debe quitarse gradualmente para preservar la suavidad y el aroma del producto, evitando la oxidaci\u00f3n de la parte expuesta.<\/p><\/div><\/div>\t\t\t\t<\/div>\n\t\t\t\t<\/div>\n\t\t<div class=\"elementor-element elementor-element-8d8e26b e-con-full e-flex e-con e-child\" data-id=\"8d8e26b\" data-element_type=\"container\" data-settings=\"{&quot;background_background&quot;:&quot;classic&quot;}\">\n\t\t\t\t<div class=\"elementor-element elementor-element-4837a53 elementor-widget elementor-widget-text-editor\" data-id=\"4837a53\" data-element_type=\"widget\" data-widget_type=\"text-editor.default\">\n\t\t\t\t\t\t\t\t\t<p>02<\/p>\t\t\t\t\t\t\t\t<\/div>\n\t\t\t\t<div class=\"elementor-element elementor-element-f7f5786 elementor-widget__width-initial elementor-widget elementor-widget-image-box\" data-id=\"f7f5786\" data-element_type=\"widget\" data-widget_type=\"image-box.default\">\n\t\t\t\t\t<div class=\"elementor-image-box-wrapper\"><div class=\"elementor-image-box-content\"><p class=\"elementor-image-box-description\">Se coloca la Mortadella en la cortadora, asegurando que la base de corte quede perfectamente adherida a la cuchilla. Se corta con movimientos regulares, obteniendo lonchas finas y uniformes.<\/p><\/div><\/div>\t\t\t\t<\/div>\n\t\t\t\t<\/div>\n\t\t<div class=\"elementor-element elementor-element-2e38d79 e-con-full e-flex e-con e-child\" data-id=\"2e38d79\" data-element_type=\"container\" data-settings=\"{&quot;background_background&quot;:&quot;classic&quot;}\">\n\t\t\t\t<div class=\"elementor-element elementor-element-693dc9c elementor-widget elementor-widget-text-editor\" data-id=\"693dc9c\" data-element_type=\"widget\" data-widget_type=\"text-editor.default\">\n\t\t\t\t\t\t\t\t\t<p>03<\/p>\t\t\t\t\t\t\t\t<\/div>\n\t\t\t\t<div class=\"elementor-element elementor-element-62aa5e4 elementor-widget__width-initial elementor-widget elementor-widget-image-box\" data-id=\"62aa5e4\" data-element_type=\"widget\" data-widget_type=\"image-box.default\">\n\t\t\t\t\t<div class=\"elementor-image-box-wrapper\"><div class=\"elementor-image-box-content\"><p class=\"elementor-image-box-description\">Se disponen las lonchas ordenadamente sobre papel alimentario, sin superponerlas en exceso. El papel debe envolverlas con suavidad, protegi\u00e9ndolas sin aplastarlas.<\/p><\/div><\/div>\t\t\t\t<\/div>\n\t\t\t\t<\/div>\n\t\t<div class=\"elementor-element elementor-element-1e67172 e-con-full e-flex e-con e-child\" data-id=\"1e67172\" data-element_type=\"container\" data-settings=\"{&quot;background_background&quot;:&quot;classic&quot;}\">\n\t\t\t\t<div class=\"elementor-element elementor-element-a801603 elementor-widget elementor-widget-text-editor\" data-id=\"a801603\" data-element_type=\"widget\" data-widget_type=\"text-editor.default\">\n\t\t\t\t\t\t\t\t\t<p>04<\/p>\t\t\t\t\t\t\t\t<\/div>\n\t\t\t\t<div class=\"elementor-element elementor-element-b59aea0 elementor-widget__width-initial elementor-widget elementor-widget-image-box\" data-id=\"b59aea0\" data-element_type=\"widget\" data-widget_type=\"image-box.default\">\n\t\t\t\t\t<div class=\"elementor-image-box-wrapper\"><div class=\"elementor-image-box-content\"><p class=\"elementor-image-box-description\">Otros formatos: para cortarla en cubos, realizar cortes de aproximadamente 1 cm por lado.\nPara servirla en trozos, se parte de una rodaja cil\u00edndrica que luego se divide en gajos regulares.<\/p><\/div><\/div>\t\t\t\t<\/div>\n\t\t\t\t<\/div>\n\t\t\t\t\t<\/div>\n\t\t\t\t<\/div>\n\t\t<div class=\"elementor-element elementor-element-3b95771 e-flex e-con-boxed e-con e-child\" data-id=\"3b95771\" data-element_type=\"container\">\n\t\t\t\t\t<div class=\"e-con-inner\">\n\t\t\t\t<div class=\"elementor-element elementor-element-df2abd6 image-star elementor-widget elementor-widget-image\" data-id=\"df2abd6\" data-element_type=\"widget\" data-widget_type=\"image.default\">\n\t\t\t\t\t\t\t\t\t\t\t\t\t\t\t<img fetchpriority=\"high\" decoding=\"async\" width=\"677\" height=\"440\" src=\"https:\/\/mortadellabologna.kleecks-cdn.com\/wp-content\/uploads\/2025\/10\/prodotto-slice-img.png\" class=\"attachment-large size-large wp-image-9694\" alt=\"\" srcset=\"https:\/\/mortadellabologna.kleecks-cdn.com\/wp-content\/uploads\/2025\/10\/prodotto-slice-img.png%20677w,%20https:\/mortadellabologna.kleecks-cdn.com\/wp-content\/uploads\/2025\/10\/prodotto-slice-img-300x195.png%20300w\" sizes=\"(max-width: 677px) 100vw, 677px\" \/>\t\t\t\t\t\t\t\t\t\t\t\t\t\t\t<\/div>\n\t\t\t\t\t<\/div>\n\t\t\t\t<\/div>\n\t\t\t\t<\/div>\n\t\t\t\t<\/div>\n\t\t","protected":false},"excerpt":{"rendered":"<p>el producto Fases de producci\u00f3n 01 Selecci\u00f3n de las carnes Se utilizan \u00fanicamente carnes seleccionadas de paleta de cerdo, un corte especialmente sabroso y de gran calidad, que se muele finamente con una picadora de carne. 02 Preparaci\u00f3n de la masa Se a\u00f1aden lardelli, los cl\u00e1sicos cubos de grasa noble de la garganta del cerdo, [&hellip;]<\/p>\n","protected":false},"author":9,"featured_media":0,"parent":0,"menu_order":0,"comment_status":"closed","ping_status":"closed","template":"","meta":{"_acf_changed":false,"footnotes":""},"class_list":["post-9696","page","type-page","status-publish","hentry"],"acf":[],"yoast_head":"<!-- This site is optimized with the Yoast SEO plugin v26.2 - https:\/\/yoast.com\/wordpress\/plugins\/seo\/ -->\n<title>Prodotto - Mortadella Bologna<\/title>\n<meta name=\"robots\" content=\"index, follow, max-snippet:-1, max-image-preview:large, max-video-preview:-1\" \/>\n<link rel=\"canonical\" href=\"https:\/\/mortadellabologna.com\/es\/prodotto\/\" \/>\n<meta property=\"og:locale\" content=\"es_ES\" \/>\n<meta property=\"og:type\" content=\"article\" \/>\n<meta property=\"og:title\" content=\"Prodotto - Mortadella Bologna\" \/>\n<meta property=\"og:description\" content=\"el producto Fases de producci\u00f3n 01 Selecci\u00f3n de las carnes Se utilizan \u00fanicamente carnes seleccionadas de paleta de cerdo, un corte especialmente sabroso y de gran calidad, que se muele finamente con una picadora de carne. 02 Preparaci\u00f3n de la masa Se a\u00f1aden lardelli, los cl\u00e1sicos cubos de grasa noble de la garganta del cerdo, [&hellip;]\" \/>\n<meta property=\"og:url\" content=\"https:\/\/mortadellabologna.com\/es\/prodotto\/\" \/>\n<meta property=\"og:site_name\" content=\"Mortadella Bologna\" \/>\n<meta property=\"article:modified_time\" content=\"2025-11-03T13:58:29+00:00\" \/>\n<meta property=\"og:image\" content=\"https:\/\/mortadellabologna.kleecks-cdn.com\/wp-content\/uploads\/2025\/10\/prodotto-slice-img.png\" \/>\n\t<meta property=\"og:image:width\" content=\"677\" \/>\n\t<meta property=\"og:image:height\" content=\"440\" \/>\n\t<meta property=\"og:image:type\" content=\"image\/png\" \/>\n<meta name=\"twitter:card\" content=\"summary_large_image\" \/>\n<meta name=\"twitter:label1\" content=\"Tiempo de lectura\" \/>\n\t<meta name=\"twitter:data1\" content=\"2 minutos\" \/>\n<script type=\"application\/ld+json\" class=\"yoast-schema-graph\">{\"@context\":\"https:\/\/schema.org\",\"@graph\":[{\"@type\":\"WebPage\",\"@id\":\"https:\/\/mortadellabologna.com\/es\/prodotto\/\",\"url\":\"https:\/\/mortadellabologna.com\/es\/prodotto\/\",\"name\":\"Prodotto - Mortadella Bologna\",\"isPartOf\":{\"@id\":\"https:\/\/mortadellabologna.com\/es\/#website\"},\"primaryImageOfPage\":{\"@id\":\"https:\/\/mortadellabologna.com\/es\/prodotto\/#primaryimage\"},\"image\":{\"@id\":\"https:\/\/mortadellabologna.com\/es\/prodotto\/#primaryimage\"},\"thumbnailUrl\":\"https:\/\/mortadellabologna.kleecks-cdn.com\/wp-content\/uploads\/2025\/10\/prodotto-slice-img.png\",\"datePublished\":\"2025-10-13T05:43:15+00:00\",\"dateModified\":\"2025-11-03T13:58:29+00:00\",\"breadcrumb\":{\"@id\":\"https:\/\/mortadellabologna.com\/es\/prodotto\/#breadcrumb\"},\"inLanguage\":\"es\",\"potentialAction\":[{\"@type\":\"ReadAction\",\"target\":[\"https:\/\/mortadellabologna.com\/es\/prodotto\/\"]}]},{\"@type\":\"ImageObject\",\"inLanguage\":\"es\",\"@id\":\"https:\/\/mortadellabologna.com\/es\/prodotto\/#primaryimage\",\"url\":\"https:\/\/mortadellabologna.kleecks-cdn.com\/wp-content\/uploads\/2025\/10\/prodotto-slice-img.png\",\"contentUrl\":\"https:\/\/mortadellabologna.kleecks-cdn.com\/wp-content\/uploads\/2025\/10\/prodotto-slice-img.png\"},{\"@type\":\"BreadcrumbList\",\"@id\":\"https:\/\/mortadellabologna.com\/es\/prodotto\/#breadcrumb\",\"itemListElement\":[{\"@type\":\"ListItem\",\"position\":1,\"name\":\"Home\",\"item\":\"https:\/\/mortadellabologna.com\/es\/\"},{\"@type\":\"ListItem\",\"position\":2,\"name\":\"Prodotto\"}]},{\"@type\":\"WebSite\",\"@id\":\"https:\/\/mortadellabologna.com\/es\/#website\",\"url\":\"https:\/\/mortadellabologna.com\/es\/\",\"name\":\"Mortadella Bologna\",\"description\":\"Consorzio Mortadella Bologna \",\"potentialAction\":[{\"@type\":\"SearchAction\",\"target\":{\"@type\":\"EntryPoint\",\"urlTemplate\":\"https:\/\/mortadellabologna.com\/es\/?s={search_term_string}\"},\"query-input\":{\"@type\":\"PropertyValueSpecification\",\"valueRequired\":true,\"valueName\":\"search_term_string\"}}],\"inLanguage\":\"es\"}]}<\/script>\n<!-- \/ Yoast SEO plugin. -->","yoast_head_json":{"title":"Prodotto - Mortadella Bologna","robots":{"index":"index","follow":"follow","max-snippet":"max-snippet:-1","max-image-preview":"max-image-preview:large","max-video-preview":"max-video-preview:-1"},"canonical":"https:\/\/mortadellabologna.com\/es\/prodotto\/","og_locale":"es_ES","og_type":"article","og_title":"Prodotto - Mortadella Bologna","og_description":"el producto Fases de producci\u00f3n 01 Selecci\u00f3n de las carnes Se utilizan \u00fanicamente carnes seleccionadas de paleta de cerdo, un corte especialmente sabroso y de gran calidad, que se muele finamente con una picadora de carne. 02 Preparaci\u00f3n de la masa Se a\u00f1aden lardelli, los cl\u00e1sicos cubos de grasa noble de la garganta del cerdo, [&hellip;]","og_url":"https:\/\/mortadellabologna.com\/es\/prodotto\/","og_site_name":"Mortadella Bologna","article_modified_time":"2025-11-03T13:58:29+00:00","og_image":[{"width":677,"height":440,"url":"https:\/\/mortadellabologna.kleecks-cdn.com\/wp-content\/uploads\/2025\/10\/prodotto-slice-img.png","type":"image\/png"}],"twitter_card":"summary_large_image","twitter_misc":{"Tiempo de lectura":"2 minutos"},"schema":{"@context":"https:\/\/schema.org","@graph":[{"@type":"WebPage","@id":"https:\/\/mortadellabologna.com\/es\/prodotto\/","url":"https:\/\/mortadellabologna.com\/es\/prodotto\/","name":"Prodotto - Mortadella Bologna","isPartOf":{"@id":"https:\/\/mortadellabologna.com\/es\/#website"},"primaryImageOfPage":{"@id":"https:\/\/mortadellabologna.com\/es\/prodotto\/#primaryimage"},"image":{"@id":"https:\/\/mortadellabologna.com\/es\/prodotto\/#primaryimage"},"thumbnailUrl":"https:\/\/mortadellabologna.kleecks-cdn.com\/wp-content\/uploads\/2025\/10\/prodotto-slice-img.png","datePublished":"2025-10-13T05:43:15+00:00","dateModified":"2025-11-03T13:58:29+00:00","breadcrumb":{"@id":"https:\/\/mortadellabologna.com\/es\/prodotto\/#breadcrumb"},"inLanguage":"es","potentialAction":[{"@type":"ReadAction","target":["https:\/\/mortadellabologna.com\/es\/prodotto\/"]}]},{"@type":"ImageObject","inLanguage":"es","@id":"https:\/\/mortadellabologna.com\/es\/prodotto\/#primaryimage","url":"https:\/\/mortadellabologna.kleecks-cdn.com\/wp-content\/uploads\/2025\/10\/prodotto-slice-img.png","contentUrl":"https:\/\/mortadellabologna.kleecks-cdn.com\/wp-content\/uploads\/2025\/10\/prodotto-slice-img.png"},{"@type":"BreadcrumbList","@id":"https:\/\/mortadellabologna.com\/es\/prodotto\/#breadcrumb","itemListElement":[{"@type":"ListItem","position":1,"name":"Home","item":"https:\/\/mortadellabologna.com\/es\/"},{"@type":"ListItem","position":2,"name":"Prodotto"}]},{"@type":"WebSite","@id":"https:\/\/mortadellabologna.com\/es\/#website","url":"https:\/\/mortadellabologna.com\/es\/","name":"Mortadella Bologna","description":"Consorzio Mortadella Bologna ","potentialAction":[{"@type":"SearchAction","target":{"@type":"EntryPoint","urlTemplate":"https:\/\/mortadellabologna.com\/es\/?s={search_term_string}"},"query-input":{"@type":"PropertyValueSpecification","valueRequired":true,"valueName":"search_term_string"}}],"inLanguage":"es"}]}},"_links":{"self":[{"href":"https:\/\/mortadellabologna.com\/es\/wp-json\/wp\/v2\/pages\/9696","targetHints":{"allow":["GET"]}}],"collection":[{"href":"https:\/\/mortadellabologna.com\/es\/wp-json\/wp\/v2\/pages"}],"about":[{"href":"https:\/\/mortadellabologna.com\/es\/wp-json\/wp\/v2\/types\/page"}],"author":[{"embeddable":true,"href":"https:\/\/mortadellabologna.com\/es\/wp-json\/wp\/v2\/users\/9"}],"replies":[{"embeddable":true,"href":"https:\/\/mortadellabologna.com\/es\/wp-json\/wp\/v2\/comments?post=9696"}],"version-history":[{"count":15,"href":"https:\/\/mortadellabologna.com\/es\/wp-json\/wp\/v2\/pages\/9696\/revisions"}],"predecessor-version":[{"id":11423,"href":"https:\/\/mortadellabologna.com\/es\/wp-json\/wp\/v2\/pages\/9696\/revisions\/11423"}],"wp:attachment":[{"href":"https:\/\/mortadellabologna.com\/es\/wp-json\/wp\/v2\/media?parent=9696"}],"curies":[{"name":"wp","href":"https:\/\/api.w.org\/{rel}","templated":true}]}}