{"id":9374,"date":"2025-09-23T06:33:09","date_gmt":"2025-09-23T06:33:09","guid":{"rendered":"https:\/\/mortadellabologna.com\/?page_id=9374"},"modified":"2025-11-12T14:25:33","modified_gmt":"2025-11-12T14:25:33","slug":"mortadella-bologna","status":"publish","type":"page","link":"https:\/\/mortadellabologna.com\/es\/mortadella-bologna\/","title":{"rendered":"Mortadella Bologna"},"content":{"rendered":"\t\t<div data-elementor-type=\"wp-page\" data-elementor-id=\"9374\" class=\"elementor elementor-9374 elementor-4473\" data-elementor-post-type=\"page\">\n\t\t\t\t<div class=\"elementor-element elementor-element-69e8822 home_hero elementor-hidden-mobile e-flex e-con-boxed e-con e-parent\" data-id=\"69e8822\" data-element_type=\"container\" data-settings=\"{&quot;background_background&quot;:&quot;slideshow&quot;,&quot;background_slideshow_gallery&quot;:[{&quot;id&quot;:9366,&quot;url&quot;:&quot;https:\\\/\\\/mortadellabologna.com\\\/wp-content\\\/uploads\\\/2025\\\/09\\\/prodotto-hero.jpg&quot;}],&quot;background_slideshow_slide_duration&quot;:4000,&quot;background_slideshow_slide_transition&quot;:&quot;fade&quot;,&quot;background_slideshow_transition_duration&quot;:500}\">\n\t\t\t\t\t<div class=\"e-con-inner\">\n\t\t\t\t\t<\/div>\n\t\t\t\t<\/div>\n\t\t<div class=\"elementor-element elementor-element-3447c74 home_hero elementor-hidden-desktop elementor-hidden-laptop elementor-hidden-tablet e-flex e-con-boxed e-con e-parent\" data-id=\"3447c74\" data-element_type=\"container\" data-settings=\"{&quot;background_background&quot;:&quot;slideshow&quot;,&quot;background_slideshow_gallery&quot;:[{&quot;id&quot;:9367,&quot;url&quot;:&quot;https:\\\/\\\/mortadellabologna.com\\\/wp-content\\\/uploads\\\/2025\\\/09\\\/storia-hero-mob.jpg&quot;}],&quot;background_slideshow_slide_duration&quot;:4000,&quot;background_slideshow_slide_transition&quot;:&quot;fade&quot;,&quot;background_slideshow_transition_duration&quot;:500}\">\n\t\t\t\t\t<div class=\"e-con-inner\">\n\t\t\t\t\t<\/div>\n\t\t\t\t<\/div>\n\t\t<div class=\"elementor-element elementor-element-075fe44 e-flex e-con-boxed e-con e-parent\" data-id=\"075fe44\" data-element_type=\"container\">\n\t\t\t\t\t<div class=\"e-con-inner\">\n\t\t\t\t<div class=\"elementor-element elementor-element-1fa01bd elementor-widget elementor-widget-shortcode\" data-id=\"1fa01bd\" data-element_type=\"widget\" data-widget_type=\"shortcode.default\">\n\t\t\t\t\t\t\t<div class=\"elementor-shortcode\"><span><span><a href=\"https:\/\/mortadellabologna.com\/es\/\">Home<\/a><\/span><\/span><\/div>\n\t\t\t\t\t\t<\/div>\n\t\t\t\t\t<\/div>\n\t\t\t\t<\/div>\n\t\t<div class=\"elementor-element elementor-element-e28ab9b e-con-full e-flex e-con e-parent\" data-id=\"e28ab9b\" data-element_type=\"container\">\n\t\t\t\t<div class=\"elementor-element elementor-element-c28146c big_heading elementor-widget elementor-widget-heading\" data-id=\"c28146c\" data-element_type=\"widget\" data-widget_type=\"heading.default\">\n\t\t\t\t\t<h2 class=\"elementor-heading-title elementor-size-default\">HISTORIA DE UN \u00cdCONO<\/h2>\t\t\t\t<\/div>\n\t\t\t\t<\/div>\n\t\t<div class=\"elementor-element elementor-element-7a723de e-flex e-con-boxed e-con e-parent\" data-id=\"7a723de\" data-element_type=\"container\" id=\"mortadella\" data-settings=\"{&quot;background_background&quot;:&quot;classic&quot;}\">\n\t\t\t\t\t<div class=\"e-con-inner\">\n\t\t<div class=\"elementor-element elementor-element-dfb6a5f e-con-full e-flex e-con e-child\" data-id=\"dfb6a5f\" data-element_type=\"container\">\n\t\t\t\t<div class=\"elementor-element elementor-element-fa98bbf elementor-widget elementor-widget-heading\" data-id=\"fa98bbf\" data-element_type=\"widget\" data-widget_type=\"heading.default\">\n\t\t\t\t\t<h2 class=\"elementor-heading-title elementor-size-default\">Mortadella Bologna IGP<\/h2>\t\t\t\t<\/div>\n\t\t\t\t<\/div>\n\t\t\t\t\t<\/div>\n\t\t\t\t<\/div>\n\t\t<div class=\"elementor-element elementor-element-13514fc e-flex e-con-boxed e-con e-parent\" data-id=\"13514fc\" data-element_type=\"container\" id=\"la_storia\" data-settings=\"{&quot;background_background&quot;:&quot;classic&quot;}\">\n\t\t\t\t\t<div class=\"e-con-inner\">\n\t\t<div class=\"elementor-element elementor-element-683f55c e-con-full e-flex e-con e-child\" data-id=\"683f55c\" data-element_type=\"container\">\n\t\t\t\t<div class=\"elementor-element elementor-element-eb074bf elementor-widget elementor-widget-image\" data-id=\"eb074bf\" data-element_type=\"widget\" data-widget_type=\"image.default\">\n\t\t\t\t\t\t\t\t\t\t\t\t\t\t\t<img decoding=\"async\" width=\"69\" height=\"25\" src=\"https:\/\/mortadellabologna.kleecks-cdn.com\/wp-content\/uploads\/2025\/09\/crown-dark.png\" class=\"attachment-full size-full wp-image-9368\" alt=\"\" \/>\t\t\t\t\t\t\t\t\t\t\t\t\t\t\t<\/div>\n\t\t\t\t<div class=\"elementor-element elementor-element-b986987 elementor-widget elementor-widget-heading\" data-id=\"b986987\" data-element_type=\"widget\" data-widget_type=\"heading.default\">\n\t\t\t\t\t<h2 class=\"elementor-heading-title elementor-size-default\">HISTORIA<\/h2>\t\t\t\t<\/div>\n\t\t\t\t<\/div>\n\t\t<div class=\"elementor-element elementor-element-de2950c e-con-full e-flex e-con e-child\" data-id=\"de2950c\" data-element_type=\"container\" data-settings=\"{&quot;background_background&quot;:&quot;classic&quot;}\">\n\t\t<div class=\"elementor-element elementor-element-cce8f0b e-con-full e-flex e-con e-child\" data-id=\"cce8f0b\" data-element_type=\"container\">\n\t\t\t\t<div class=\"elementor-element elementor-element-a56dba0 elementor-widget elementor-widget-image\" data-id=\"a56dba0\" data-element_type=\"widget\" data-widget_type=\"image.default\">\n\t\t\t\t\t\t\t\t\t\t\t\t\t\t\t<img fetchpriority=\"high\" decoding=\"async\" width=\"334\" height=\"346\" src=\"https:\/\/mortadellabologna.kleecks-cdn.com\/wp-content\/uploads\/2025\/09\/le-origini.png\" class=\"attachment-full size-full wp-image-9369\" alt=\"le-origini\" srcset=\"https:\/\/mortadellabologna.kleecks-cdn.com\/wp-content\/uploads\/2025\/09\/le-origini.png%20334w,%20https:\/mortadellabologna.kleecks-cdn.com\/wp-content\/uploads\/2025\/09\/le-origini-290x300.png%20290w\" sizes=\"(max-width: 334px) 100vw, 334px\" \/>\t\t\t\t\t\t\t\t\t\t\t\t\t\t\t<\/div>\n\t\t\t\t<\/div>\n\t\t<div class=\"elementor-element elementor-element-2bc6f03 e-con-full e-flex e-con e-child\" data-id=\"2bc6f03\" data-element_type=\"container\">\n\t\t\t\t<div class=\"elementor-element elementor-element-76052c1 elementor-widget elementor-widget-heading\" data-id=\"76052c1\" data-element_type=\"widget\" data-widget_type=\"heading.default\">\n\t\t\t\t\t<h2 class=\"elementor-heading-title elementor-size-default\">Les origines<\/h2>\t\t\t\t<\/div>\n\t\t\t\t<div class=\"elementor-element elementor-element-925d167 elementor-widget elementor-widget-text-editor\" data-id=\"925d167\" data-element_type=\"widget\" data-widget_type=\"text-editor.default\">\n\t\t\t\t\t\t\t\t\t<p>La Mortadella Bologna tiene ra\u00edces muy antiguas y se considera el embutido emblem\u00e1tico de la tradici\u00f3n gastron\u00f3mica bolo\u00f1esa.<br data-start=\"250\" data-end=\"253\" \/>Sus or\u00edgenes se remontan a los territorios de la antigua Felsina etrusca y de la Bononia de los galos Boii, tierras cubiertas de extensos robledales que ofrec\u00edan bellotas en abundancia para la cr\u00eda de cerdos.<br data-start=\"461\" data-end=\"464\" \/>De estos animales, siempre parte integral de la cultura alimentaria local, naci\u00f3 una tradici\u00f3n que ha atravesado los siglos hasta transformarse en la inconfundible <strong data-start=\"628\" data-end=\"656\">Mortadella Bologna IGP<\/strong>, patrimonio gastron\u00f3mico y cultural reconocido en todo el mundo.<\/p>\t\t\t\t\t\t\t\t<\/div>\n\t\t\t\t<\/div>\n\t\t\t\t<\/div>\n\t\t<div class=\"elementor-element elementor-element-ab1311c e-con-full e-flex e-con e-child\" data-id=\"ab1311c\" data-element_type=\"container\" data-settings=\"{&quot;background_background&quot;:&quot;classic&quot;}\">\n\t\t<div class=\"elementor-element elementor-element-9859dcd e-con-full e-flex e-con e-child\" data-id=\"9859dcd\" data-element_type=\"container\">\n\t\t\t\t<div class=\"elementor-element elementor-element-74da2e8 elementor-widget elementor-widget-image\" data-id=\"74da2e8\" data-element_type=\"widget\" data-widget_type=\"image.default\">\n\t\t\t\t\t\t\t\t\t\t\t\t\t\t\t<img decoding=\"async\" width=\"380\" height=\"372\" src=\"https:\/\/mortadellabologna.kleecks-cdn.com\/wp-content\/uploads\/2025\/09\/Il-nome.png\" class=\"attachment-full size-full wp-image-9370\" alt=\"Il-nome\" srcset=\"https:\/\/mortadellabologna.kleecks-cdn.com\/wp-content\/uploads\/2025\/09\/Il-nome.png%20380w,%20https:\/mortadellabologna.kleecks-cdn.com\/wp-content\/uploads\/2025\/09\/Il-nome-300x294.png%20300w\" sizes=\"(max-width: 380px) 100vw, 380px\" \/>\t\t\t\t\t\t\t\t\t\t\t\t\t\t\t<\/div>\n\t\t\t\t<\/div>\n\t\t<div class=\"elementor-element elementor-element-af77fe8 e-con-full e-flex e-con e-child\" data-id=\"af77fe8\" data-element_type=\"container\">\n\t\t\t\t<div class=\"elementor-element elementor-element-3c907fc elementor-widget elementor-widget-heading\" data-id=\"3c907fc\" data-element_type=\"widget\" data-widget_type=\"heading.default\">\n\t\t\t\t\t<h2 class=\"elementor-heading-title elementor-size-default\">El nombre<\/h2>\t\t\t\t<\/div>\n\t\t\t\t<div class=\"elementor-element elementor-element-c14bd2a elementor-widget elementor-widget-text-editor\" data-id=\"c14bd2a\" data-element_type=\"widget\" data-widget_type=\"text-editor.default\">\n\t\t\t\t\t\t\t\t\t<p data-start=\"86\" data-end=\"846\">El primer testimonio relacionado con la mortadela se encuentra en el Museo Arqueol\u00f3gico de Bolonia: un estela de \u00e9poca romana imperial que representa, por un lado, siete cerditos pastando y, por otro, un mortero con su mano.<br data-start=\"974\" data-end=\"977\" \/>Este instrumento era utilizado por los romanos para machacar y mezclar la carne con sal y especias, lo que sugiere que el t\u00e9rmino <strong data-start=\"1107\" data-end=\"1122\">\u201cmortadela\u201d<\/strong> deriva de <em data-start=\"1133\" data-end=\"1144\">mortarium<\/em> o <em data-start=\"1147\" data-end=\"1157\">murtatum<\/em>, es decir, \u201ccarne finamente picada en el mortero\u201d.<br data-start=\"1208\" data-end=\"1211\" \/>Otra hip\u00f3tesis fascinante relaciona el nombre con el t\u00e9rmino latino <em data-start=\"1279\" data-end=\"1289\">myrtatum<\/em>, derivado del mirto, planta arom\u00e1tica que constitu\u00eda el ingrediente principal de un antiguo embutido llamado <em data-start=\"1399\" data-end=\"1418\">farcimen myrtatum<\/em>, mencionado tanto por Plinio il Vecchio como por Varrone.<\/p>\t\t\t\t\t\t\t\t<\/div>\n\t\t\t\t<\/div>\n\t\t\t\t<\/div>\n\t\t<div class=\"elementor-element elementor-element-3ccb4ce e-con-full e-flex e-con e-child\" data-id=\"3ccb4ce\" data-element_type=\"container\" data-settings=\"{&quot;background_background&quot;:&quot;classic&quot;}\">\n\t\t<div class=\"elementor-element elementor-element-944be23 e-con-full e-flex e-con e-child\" data-id=\"944be23\" data-element_type=\"container\">\n\t\t\t\t<div class=\"elementor-element elementor-element-adb7740 elementor-widget elementor-widget-image\" data-id=\"adb7740\" data-element_type=\"widget\" data-widget_type=\"image.default\">\n\t\t\t\t\t\t\t\t\t\t\t\t\t\t\t<img loading=\"lazy\" decoding=\"async\" width=\"347\" height=\"391\" src=\"https:\/\/mortadellabologna.kleecks-cdn.com\/wp-content\/uploads\/2025\/09\/levoluzione.png\" class=\"attachment-full size-full wp-image-9371\" alt=\"\" srcset=\"https:\/\/mortadellabologna.kleecks-cdn.com\/wp-content\/uploads\/2025\/09\/levoluzione.png%20347w,%20https:\/mortadellabologna.kleecks-cdn.com\/wp-content\/uploads\/2025\/09\/levoluzione-266x300.png%20266w\" sizes=\"(max-width: 347px) 100vw, 347px\" \/>\t\t\t\t\t\t\t\t\t\t\t\t\t\t\t<\/div>\n\t\t\t\t<\/div>\n\t\t<div class=\"elementor-element elementor-element-50e148d e-con-full e-flex e-con e-child\" data-id=\"50e148d\" data-element_type=\"container\">\n\t\t\t\t<div class=\"elementor-element elementor-element-ed1cfe2 elementor-widget elementor-widget-heading\" data-id=\"ed1cfe2\" data-element_type=\"widget\" data-widget_type=\"heading.default\">\n\t\t\t\t\t<h2 class=\"elementor-heading-title elementor-size-default\">La evoluci\u00f3n<\/h2>\t\t\t\t<\/div>\n\t\t\t\t<div class=\"elementor-element elementor-element-983d444 elementor-widget elementor-widget-text-editor\" data-id=\"983d444\" data-element_type=\"widget\" data-widget_type=\"text-editor.default\">\n\t\t\t\t\t\t\t\t\t<p data-start=\"1690\" data-end=\"2226\">Desde la \u00e9poca de la antigua Roma, la receta de este extraordinario embutido se ha transmitido de generaci\u00f3n en generaci\u00f3n hasta la edad moderna, cuando fue descrita con detalle por el agr\u00f3nomo <strong data-start=\"1884\" data-end=\"1903\">Vincenzo Tanara<\/strong> a comienzos del siglo XVII.<br data-start=\"1931\" data-end=\"1934\" \/>El verdadero punto de inflexi\u00f3n lleg\u00f3 el <strong data-start=\"1975\" data-end=\"2000\">24 de octubre de 1661<\/strong>, cuando el <strong data-start=\"2012\" data-end=\"2032\">Cardenal Farnese<\/strong> estableci\u00f3 mediante un edicto las reglas para la preparaci\u00f3n de este salume ic\u00f3nico \u2014 una fecha que se ha vuelto legendaria y que hoy celebramos como el <strong data-start=\"2186\" data-end=\"2224\">International Mortadella Day!<\/strong><\/p><p data-start=\"2228\" data-end=\"2455\">Desde entonces, la Mortadella Bologna ha pasado de ser un producto de \u00e9lite, reservado a nobles y ricos, a convertirse en la <strong data-start=\"2357\" data-end=\"2398\">Reina Rosa <\/strong>de la charcuter\u00eda italiana, un aut\u00e9ntico icono de la cultura y la cocina popular.<\/p>\t\t\t\t\t\t\t\t<\/div>\n\t\t\t\t<\/div>\n\t\t\t\t<\/div>\n\t\t\t\t\t<\/div>\n\t\t\t\t<\/div>\n\t\t<div class=\"elementor-element elementor-element-1dc2361 e-flex e-con-boxed e-con e-parent\" data-id=\"1dc2361\" data-element_type=\"container\" id=\"disciplinare\">\n\t\t\t\t\t<div class=\"e-con-inner\">\n\t\t<div class=\"elementor-element elementor-element-5a023df e-con-full e-flex e-con e-child\" data-id=\"5a023df\" data-element_type=\"container\" data-settings=\"{&quot;background_background&quot;:&quot;classic&quot;}\">\n\t\t<div class=\"elementor-element elementor-element-eaad8bc e-con-full e-flex e-con e-child\" data-id=\"eaad8bc\" data-element_type=\"container\">\n\t\t\t\t<div class=\"elementor-element elementor-element-1f66ed5 elementor-widget elementor-widget-image\" data-id=\"1f66ed5\" data-element_type=\"widget\" data-widget_type=\"image.default\">\n\t\t\t\t\t\t\t\t\t\t\t\t\t\t\t<img loading=\"lazy\" decoding=\"async\" width=\"418\" height=\"464\" src=\"https:\/\/mortadellabologna.kleecks-cdn.com\/wp-content\/uploads\/2025\/09\/disciplinare.png\" class=\"attachment-full size-full wp-image-9373\" alt=\"disciplinare\" srcset=\"https:\/\/mortadellabologna.kleecks-cdn.com\/wp-content\/uploads\/2025\/09\/disciplinare.png%20418w,%20https:\/mortadellabologna.kleecks-cdn.com\/wp-content\/uploads\/2025\/09\/disciplinare-270x300.png%20270w\" sizes=\"(max-width: 418px) 100vw, 418px\" \/>\t\t\t\t\t\t\t\t\t\t\t\t\t\t\t<\/div>\n\t\t\t\t<\/div>\n\t\t<div class=\"elementor-element elementor-element-faf2361 e-con-full e-flex e-con e-child\" data-id=\"faf2361\" data-element_type=\"container\">\n\t\t\t\t<div class=\"elementor-element elementor-element-4d7f6b5 elementor-widget elementor-widget-heading\" data-id=\"4d7f6b5\" data-element_type=\"widget\" id=\"reglamento\" data-widget_type=\"heading.default\">\n\t\t\t\t\t<h2 class=\"elementor-heading-title elementor-size-default\">El reglamento<\/h2>\t\t\t\t<\/div>\n\t\t\t\t<div class=\"elementor-element elementor-element-473de5e elementor-widget elementor-widget-text-editor\" data-id=\"473de5e\" data-element_type=\"widget\" data-widget_type=\"text-editor.default\">\n\t\t\t\t\t\t\t\t\t<p data-start=\"2417\" data-end=\"2779\">La denominaci\u00f3n <strong data-start=\"2433\" data-end=\"2463\">\u201cMortadella Bologna IGP\u201d<\/strong> no se obtiene f\u00e1cilmente: est\u00e1 reservada exclusivamente a los productos que cumplen estrictamente las reglas establecidas en el <strong data-start=\"2592\" data-end=\"2620\">reglamento de producci\u00f3n<\/strong>, un conjunto de normas rigurosas destinadas a proteger la calidad y autenticidad de este embutido y garantizar al consumidor un producto \u00fanico e inimitable.<\/p>\n<p data-start=\"2781\" data-end=\"2855\">Los <strong data-start=\"2785\" data-end=\"2814\">requisitos del reglamento<\/strong> abarcan varios aspectos fundamentales:<\/p>\n<ul data-start=\"2856\" data-end=\"3428\">\n<li data-start=\"2856\" data-end=\"2956\">\n<p data-start=\"2858\" data-end=\"2956\"><strong data-start=\"2858\" data-end=\"2880\">Zona de producci\u00f3n<\/strong>: estrictamente limitada a los territorios especificados en el reglamento&nbsp;<span style=\"background-color: transparent;\">(Emilia-Romagna, Piemonte, Lombardia, Veneto, provincia di Trento, Toscana, Marche e Lazio).<\/span><\/p>\n<\/li>\n<li data-start=\"2957\" data-end=\"3090\">\n<p data-start=\"2959\" data-end=\"3090\"><strong data-start=\"2959\" data-end=\"2996\">Materias primas y cortes de carne<\/strong>: seleccionados cuidadosamente seg\u00fan criterios precisos para asegurar solo la mejor calidad.<\/p>\n<\/li>\n<li data-start=\"3091\" data-end=\"3188\">\n<p data-start=\"3093\" data-end=\"3188\"><strong data-start=\"3093\" data-end=\"3118\">Etapas de elaboraci\u00f3n<\/strong>: combinando t\u00e9cnicas modernas con respeto a la tradici\u00f3n artesanal.<\/p>\n<\/li>\n<li data-start=\"3189\" data-end=\"3318\">\n<p data-start=\"3191\" data-end=\"3318\"><strong data-start=\"3191\" data-end=\"3243\">Caracter\u00edsticas organol\u00e9pticas y f\u00edsico-qu\u00edmicas<\/strong>: que definen la textura, el aroma y el sabor inconfundible del producto.<\/p>\n<\/li>\n<li data-start=\"3319\" data-end=\"3428\">\n<p data-start=\"3321\" data-end=\"3428\"><strong data-start=\"3321\" data-end=\"3344\">Controles estrictos<\/strong>: esenciales para garantizar el cumplimiento del reglamento y la m\u00e1xima seguridad.<\/p>\n<\/li>\n<\/ul>\t\t\t\t\t\t\t\t<\/div>\n\t\t\t\t<\/div>\n\t\t\t\t<\/div>\n\t\t\t\t\t<\/div>\n\t\t\t\t<\/div>\n\t\t\t\t<\/div>\n\t\t","protected":false},"excerpt":{"rendered":"<p>HISTORIA DE UN \u00cdCONO Mortadella Bologna IGP HISTORIA Les origines La Mortadella Bologna tiene ra\u00edces muy antiguas y se considera el embutido emblem\u00e1tico de la tradici\u00f3n gastron\u00f3mica bolo\u00f1esa.Sus or\u00edgenes se remontan a los territorios de la antigua Felsina etrusca y de la Bononia de los galos Boii, tierras cubiertas de extensos robledales que ofrec\u00edan bellotas [&hellip;]<\/p>\n","protected":false},"author":9,"featured_media":0,"parent":0,"menu_order":0,"comment_status":"closed","ping_status":"closed","template":"","meta":{"_acf_changed":false,"footnotes":""},"class_list":["post-9374","page","type-page","status-publish","hentry"],"acf":[],"yoast_head":"<!-- This site is optimized with the Yoast SEO plugin v26.2 - https:\/\/yoast.com\/wordpress\/plugins\/seo\/ -->\n<title>Mortadella Bologna - Mortadella Bologna<\/title>\n<meta name=\"robots\" content=\"index, follow, max-snippet:-1, max-image-preview:large, max-video-preview:-1\" \/>\n<link rel=\"canonical\" href=\"https:\/\/mortadellabologna.com\/es\/mortadella-bologna\/\" \/>\n<meta property=\"og:locale\" content=\"es_ES\" \/>\n<meta property=\"og:type\" content=\"article\" \/>\n<meta property=\"og:title\" content=\"Mortadella Bologna - Mortadella Bologna\" \/>\n<meta property=\"og:description\" content=\"HISTORIA DE UN \u00cdCONO Mortadella Bologna IGP HISTORIA Les origines La Mortadella Bologna tiene ra\u00edces muy antiguas y se considera el embutido emblem\u00e1tico de la tradici\u00f3n gastron\u00f3mica bolo\u00f1esa.Sus or\u00edgenes se remontan a los territorios de la antigua Felsina etrusca y de la Bononia de los galos Boii, tierras cubiertas de extensos robledales que ofrec\u00edan bellotas [&hellip;]\" \/>\n<meta property=\"og:url\" content=\"https:\/\/mortadellabologna.com\/es\/mortadella-bologna\/\" \/>\n<meta property=\"og:site_name\" content=\"Mortadella Bologna\" \/>\n<meta property=\"article:modified_time\" content=\"2025-11-12T14:25:33+00:00\" \/>\n<meta property=\"og:image\" content=\"https:\/\/mortadellabologna.kleecks-cdn.com\/wp-content\/uploads\/2025\/09\/crown-dark.png\" \/>\n\t<meta property=\"og:image:width\" content=\"69\" \/>\n\t<meta property=\"og:image:height\" content=\"25\" \/>\n\t<meta property=\"og:image:type\" content=\"image\/png\" \/>\n<meta name=\"twitter:card\" content=\"summary_large_image\" \/>\n<meta name=\"twitter:label1\" content=\"Tiempo de lectura\" \/>\n\t<meta name=\"twitter:data1\" content=\"3 minutos\" \/>\n<script type=\"application\/ld+json\" class=\"yoast-schema-graph\">{\"@context\":\"https:\/\/schema.org\",\"@graph\":[{\"@type\":\"WebPage\",\"@id\":\"https:\/\/mortadellabologna.com\/es\/mortadella-bologna\/\",\"url\":\"https:\/\/mortadellabologna.com\/es\/mortadella-bologna\/\",\"name\":\"Mortadella Bologna - Mortadella Bologna\",\"isPartOf\":{\"@id\":\"https:\/\/mortadellabologna.com\/es\/#website\"},\"primaryImageOfPage\":{\"@id\":\"https:\/\/mortadellabologna.com\/es\/mortadella-bologna\/#primaryimage\"},\"image\":{\"@id\":\"https:\/\/mortadellabologna.com\/es\/mortadella-bologna\/#primaryimage\"},\"thumbnailUrl\":\"https:\/\/mortadellabologna.kleecks-cdn.com\/wp-content\/uploads\/2025\/09\/crown-dark.png\",\"datePublished\":\"2025-09-23T06:33:09+00:00\",\"dateModified\":\"2025-11-12T14:25:33+00:00\",\"breadcrumb\":{\"@id\":\"https:\/\/mortadellabologna.com\/es\/mortadella-bologna\/#breadcrumb\"},\"inLanguage\":\"es\",\"potentialAction\":[{\"@type\":\"ReadAction\",\"target\":[\"https:\/\/mortadellabologna.com\/es\/mortadella-bologna\/\"]}]},{\"@type\":\"ImageObject\",\"inLanguage\":\"es\",\"@id\":\"https:\/\/mortadellabologna.com\/es\/mortadella-bologna\/#primaryimage\",\"url\":\"https:\/\/mortadellabologna.kleecks-cdn.com\/wp-content\/uploads\/2025\/09\/crown-dark.png\",\"contentUrl\":\"https:\/\/mortadellabologna.kleecks-cdn.com\/wp-content\/uploads\/2025\/09\/crown-dark.png\"},{\"@type\":\"BreadcrumbList\",\"@id\":\"https:\/\/mortadellabologna.com\/es\/mortadella-bologna\/#breadcrumb\",\"itemListElement\":[{\"@type\":\"ListItem\",\"position\":1,\"name\":\"Home\",\"item\":\"https:\/\/mortadellabologna.com\/es\/\"},{\"@type\":\"ListItem\",\"position\":2,\"name\":\"Mortadella Bologna\"}]},{\"@type\":\"WebSite\",\"@id\":\"https:\/\/mortadellabologna.com\/es\/#website\",\"url\":\"https:\/\/mortadellabologna.com\/es\/\",\"name\":\"Mortadella Bologna\",\"description\":\"Consorzio Mortadella Bologna \",\"potentialAction\":[{\"@type\":\"SearchAction\",\"target\":{\"@type\":\"EntryPoint\",\"urlTemplate\":\"https:\/\/mortadellabologna.com\/es\/?s={search_term_string}\"},\"query-input\":{\"@type\":\"PropertyValueSpecification\",\"valueRequired\":true,\"valueName\":\"search_term_string\"}}],\"inLanguage\":\"es\"}]}<\/script>\n<!-- \/ Yoast SEO plugin. -->","yoast_head_json":{"title":"Mortadella Bologna - Mortadella Bologna","robots":{"index":"index","follow":"follow","max-snippet":"max-snippet:-1","max-image-preview":"max-image-preview:large","max-video-preview":"max-video-preview:-1"},"canonical":"https:\/\/mortadellabologna.com\/es\/mortadella-bologna\/","og_locale":"es_ES","og_type":"article","og_title":"Mortadella Bologna - Mortadella Bologna","og_description":"HISTORIA DE UN \u00cdCONO Mortadella Bologna IGP HISTORIA Les origines La Mortadella Bologna tiene ra\u00edces muy antiguas y se considera el embutido emblem\u00e1tico de la tradici\u00f3n gastron\u00f3mica bolo\u00f1esa.Sus or\u00edgenes se remontan a los territorios de la antigua Felsina etrusca y de la Bononia de los galos Boii, tierras cubiertas de extensos robledales que ofrec\u00edan bellotas [&hellip;]","og_url":"https:\/\/mortadellabologna.com\/es\/mortadella-bologna\/","og_site_name":"Mortadella Bologna","article_modified_time":"2025-11-12T14:25:33+00:00","og_image":[{"width":69,"height":25,"url":"https:\/\/mortadellabologna.kleecks-cdn.com\/wp-content\/uploads\/2025\/09\/crown-dark.png","type":"image\/png"}],"twitter_card":"summary_large_image","twitter_misc":{"Tiempo de lectura":"3 minutos"},"schema":{"@context":"https:\/\/schema.org","@graph":[{"@type":"WebPage","@id":"https:\/\/mortadellabologna.com\/es\/mortadella-bologna\/","url":"https:\/\/mortadellabologna.com\/es\/mortadella-bologna\/","name":"Mortadella Bologna - Mortadella Bologna","isPartOf":{"@id":"https:\/\/mortadellabologna.com\/es\/#website"},"primaryImageOfPage":{"@id":"https:\/\/mortadellabologna.com\/es\/mortadella-bologna\/#primaryimage"},"image":{"@id":"https:\/\/mortadellabologna.com\/es\/mortadella-bologna\/#primaryimage"},"thumbnailUrl":"https:\/\/mortadellabologna.kleecks-cdn.com\/wp-content\/uploads\/2025\/09\/crown-dark.png","datePublished":"2025-09-23T06:33:09+00:00","dateModified":"2025-11-12T14:25:33+00:00","breadcrumb":{"@id":"https:\/\/mortadellabologna.com\/es\/mortadella-bologna\/#breadcrumb"},"inLanguage":"es","potentialAction":[{"@type":"ReadAction","target":["https:\/\/mortadellabologna.com\/es\/mortadella-bologna\/"]}]},{"@type":"ImageObject","inLanguage":"es","@id":"https:\/\/mortadellabologna.com\/es\/mortadella-bologna\/#primaryimage","url":"https:\/\/mortadellabologna.kleecks-cdn.com\/wp-content\/uploads\/2025\/09\/crown-dark.png","contentUrl":"https:\/\/mortadellabologna.kleecks-cdn.com\/wp-content\/uploads\/2025\/09\/crown-dark.png"},{"@type":"BreadcrumbList","@id":"https:\/\/mortadellabologna.com\/es\/mortadella-bologna\/#breadcrumb","itemListElement":[{"@type":"ListItem","position":1,"name":"Home","item":"https:\/\/mortadellabologna.com\/es\/"},{"@type":"ListItem","position":2,"name":"Mortadella Bologna"}]},{"@type":"WebSite","@id":"https:\/\/mortadellabologna.com\/es\/#website","url":"https:\/\/mortadellabologna.com\/es\/","name":"Mortadella Bologna","description":"Consorzio Mortadella Bologna ","potentialAction":[{"@type":"SearchAction","target":{"@type":"EntryPoint","urlTemplate":"https:\/\/mortadellabologna.com\/es\/?s={search_term_string}"},"query-input":{"@type":"PropertyValueSpecification","valueRequired":true,"valueName":"search_term_string"}}],"inLanguage":"es"}]}},"_links":{"self":[{"href":"https:\/\/mortadellabologna.com\/es\/wp-json\/wp\/v2\/pages\/9374","targetHints":{"allow":["GET"]}}],"collection":[{"href":"https:\/\/mortadellabologna.com\/es\/wp-json\/wp\/v2\/pages"}],"about":[{"href":"https:\/\/mortadellabologna.com\/es\/wp-json\/wp\/v2\/types\/page"}],"author":[{"embeddable":true,"href":"https:\/\/mortadellabologna.com\/es\/wp-json\/wp\/v2\/users\/9"}],"replies":[{"embeddable":true,"href":"https:\/\/mortadellabologna.com\/es\/wp-json\/wp\/v2\/comments?post=9374"}],"version-history":[{"count":22,"href":"https:\/\/mortadellabologna.com\/es\/wp-json\/wp\/v2\/pages\/9374\/revisions"}],"predecessor-version":[{"id":11796,"href":"https:\/\/mortadellabologna.com\/es\/wp-json\/wp\/v2\/pages\/9374\/revisions\/11796"}],"wp:attachment":[{"href":"https:\/\/mortadellabologna.com\/es\/wp-json\/wp\/v2\/media?parent=9374"}],"curies":[{"name":"wp","href":"https:\/\/api.w.org\/{rel}","templated":true}]}}