{"id":8077,"date":"2025-08-27T05:33:38","date_gmt":"2025-08-27T05:33:38","guid":{"rendered":"https:\/\/mortadellabologna.com\/hogar\/"},"modified":"2025-11-11T15:36:19","modified_gmt":"2025-11-11T15:36:19","slug":"hogar","status":"publish","type":"page","link":"https:\/\/mortadellabologna.com\/es\/","title":{"rendered":"Hogar"},"content":{"rendered":"\t\t<div data-elementor-type=\"wp-page\" data-elementor-id=\"8077\" class=\"elementor elementor-8077 elementor-30\" data-elementor-post-type=\"page\">\n\t\t\t\t<div class=\"elementor-element elementor-element-812a10d home_hero elementor-hidden-mobile e-flex e-con-boxed e-con e-parent\" data-id=\"812a10d\" data-element_type=\"container\" data-settings=\"{&quot;background_background&quot;:&quot;classic&quot;}\">\n\t\t\t\t\t<div class=\"e-con-inner\">\n\t\t<div class=\"elementor-element elementor-element-3b82026 home_hero_col e-flex e-con-boxed e-con e-child\" data-id=\"3b82026\" data-element_type=\"container\" data-settings=\"{&quot;background_background&quot;:&quot;classic&quot;}\">\n\t\t\t\t\t<div class=\"e-con-inner\">\n\t\t\t\t<div class=\"elementor-element elementor-element-e69a2c0 elementor-widget elementor-widget-heading\" data-id=\"e69a2c0\" data-element_type=\"widget\" data-widget_type=\"heading.default\">\n\t\t\t\t\t<h2 class=\"elementor-heading-title elementor-size-default\">El Consorzio italiano tutela Mortadella Bologna<\/h2>\t\t\t\t<\/div>\n\t\t\t\t<div class=\"elementor-element elementor-element-7f589e5 elementor-widget elementor-widget-text-editor\" data-id=\"7f589e5\" data-element_type=\"widget\" data-widget_type=\"text-editor.default\">\n\t\t\t\t\t\t\t\t\t<p>Bienvenido al reino de la Reina Rosa<\/p>\t\t\t\t\t\t\t\t<\/div>\n\t\t\t\t<div class=\"elementor-element elementor-element-c636c6c elementor-widget elementor-widget-button\" data-id=\"c636c6c\" data-element_type=\"widget\" data-widget_type=\"button.default\">\n\t\t\t\t\t\t\t\t\t\t<a class=\"elementor-button elementor-button-link elementor-size-sm\" href=\"https:\/\/mortadellabologna.com\/es\/mortadella-bologna\/\">\n\t\t\t\t\t\t<span class=\"elementor-button-content-wrapper\">\n\t\t\t\t\t\t\t\t\t<span class=\"elementor-button-text\">M\u00c1S INFORMACI\u00d3N<\/span>\n\t\t\t\t\t<\/span>\n\t\t\t\t\t<\/a>\n\t\t\t\t\t\t\t\t<\/div>\n\t\t\t\t\t<\/div>\n\t\t\t\t<\/div>\n\t\t\t\t\t<\/div>\n\t\t\t\t<\/div>\n\t\t<div class=\"elementor-element elementor-element-a061665 elementor-hidden-desktop elementor-hidden-laptop e-flex e-con-boxed e-con e-parent\" data-id=\"a061665\" data-element_type=\"container\">\n\t\t\t\t\t<div class=\"e-con-inner\">\n\t\t\t\t<div class=\"elementor-element elementor-element-7627763 elementor-widget elementor-widget-shortcode\" data-id=\"7627763\" data-element_type=\"widget\" data-widget_type=\"shortcode.default\">\n\t\t\t\t\t\t\t<div class=\"elementor-shortcode\"><span><span><a href=\"https:\/\/mortadellabologna.com\/es\/\">Home<\/a><\/span><\/span><\/div>\n\t\t\t\t\t\t<\/div>\n\t\t\t\t\t<\/div>\n\t\t\t\t<\/div>\n\t\t<div class=\"elementor-element elementor-element-79fd627 e-con-full e-flex e-con e-parent\" data-id=\"79fd627\" data-element_type=\"container\">\n\t\t\t\t<div class=\"elementor-element elementor-element-31a58a1 big_heading elementor-widget elementor-widget-heading\" data-id=\"31a58a1\" data-element_type=\"widget\" data-widget_type=\"heading.default\">\n\t\t\t\t\t<h2 class=\"elementor-heading-title elementor-size-default\">NUESTRO MUNDO<\/h2>\t\t\t\t<\/div>\n\t\t<div class=\"elementor-element elementor-element-113d0ab e-flex e-con-boxed e-con e-child\" data-id=\"113d0ab\" data-element_type=\"container\">\n\t\t\t\t\t<div class=\"e-con-inner\">\n\t\t\t\t<div class=\"elementor-element elementor-element-9609476 elementor-widget elementor-widget-heading\" data-id=\"9609476\" data-element_type=\"widget\" data-widget_type=\"heading.default\">\n\t\t\t\t\t<h2 class=\"elementor-heading-title elementor-size-default\">Consorzio Italiano Tutela Mortadella Bologna<\/h2>\t\t\t\t<\/div>\n\t\t\t\t<div class=\"elementor-element elementor-element-77896fe elementor-widget elementor-widget-text-editor\" data-id=\"77896fe\" data-element_type=\"widget\" data-widget_type=\"text-editor.default\">\n\t\t\t\t\t\t\t\t\t<p>Fundado oficialmente en 2001, el Consorcio re\u00fane a los productores de Mortadela Bologna IGP y est\u00e1 constantemente comprometido con la realizaci\u00f3n de tres objetivos: proteger, promover y valorizar esta preciada carne curada.<\/p>\t\t\t\t\t\t\t\t<\/div>\n\t\t\t\t\t<\/div>\n\t\t\t\t<\/div>\n\t\t<div class=\"elementor-element elementor-element-07c057c e-grid e-con-boxed e-con e-child\" data-id=\"07c057c\" data-element_type=\"container\">\n\t\t\t\t\t<div class=\"e-con-inner\">\n\t\t\t\t<div class=\"elementor-element elementor-element-179da6c elementor-cta--skin-cover elementor-cta--valign-bottom call-to-action-width elementor-widget elementor-widget-call-to-action\" data-id=\"179da6c\" data-element_type=\"widget\" data-widget_type=\"call-to-action.default\">\n\t\t\t\t\t\t\t<div class=\"elementor-cta\">\n\t\t\t\t\t<div class=\"elementor-cta__bg-wrapper\">\n\t\t\t\t<div class=\"elementor-cta__bg elementor-bg\" style=\"background-image: url(https:\/\/mortadellabologna.com\/wp-content\/uploads\/2025\/09\/qualita.png);\" role=\"img\" aria-label=\"qualit\u00e0\"><\/div>\n\t\t\t\t<div class=\"elementor-cta__bg-overlay\"><\/div>\n\t\t\t<\/div>\n\t\t\t\t\t\t\t<div class=\"elementor-cta__content\">\n\t\t\t\t\n\t\t\t\t\t\t\t\t\t<h4 class=\"elementor-cta__title elementor-cta__content-item elementor-content-item\">\n\t\t\t\t\t\tCalidad\t\t\t\t\t<\/h4>\n\t\t\t\t\n\t\t\t\t\t\t\t\t\t<div class=\"elementor-cta__description elementor-cta__content-item elementor-content-item\">\n\t\t\t\t\t\tCarnes seleccionadas y procesos rigurosos garantizan un producto con caracter\u00edsticas \u00fanicas.\t\t\t\t\t<\/div>\n\t\t\t\t\n\t\t\t\t\t\t\t<\/div>\n\t\t\t\t\t\t<\/div>\n\t\t\t\t\t\t<\/div>\n\t\t\t\t<div class=\"elementor-element elementor-element-43f1aea elementor-cta--skin-cover elementor-cta--valign-bottom call-to-action-width elementor-widget elementor-widget-call-to-action\" data-id=\"43f1aea\" data-element_type=\"widget\" data-widget_type=\"call-to-action.default\">\n\t\t\t\t\t\t\t<div class=\"elementor-cta\">\n\t\t\t\t\t<div class=\"elementor-cta__bg-wrapper\">\n\t\t\t\t<div class=\"elementor-cta__bg elementor-bg\" style=\"background-image: url(https:\/\/mortadellabologna.com\/wp-content\/uploads\/2025\/09\/tradizione.png);\" role=\"img\" aria-label=\"tradizione\"><\/div>\n\t\t\t\t<div class=\"elementor-cta__bg-overlay\"><\/div>\n\t\t\t<\/div>\n\t\t\t\t\t\t\t<div class=\"elementor-cta__content\">\n\t\t\t\t\n\t\t\t\t\t\t\t\t\t<h4 class=\"elementor-cta__title elementor-cta__content-item elementor-content-item\">\n\t\t\t\t\t\tTradici\u00f3n\t\t\t\t\t<\/h4>\n\t\t\t\t\n\t\t\t\t\t\t\t\t\t<div class=\"elementor-cta__description elementor-cta__content-item elementor-content-item\">\n\t\t\t\t\t\tUna receta transmitida de generaci\u00f3n en generaci\u00f3n,\nfruto de siglos de experiencia.\t\t\t\t\t<\/div>\n\t\t\t\t\n\t\t\t\t\t\t\t<\/div>\n\t\t\t\t\t\t<\/div>\n\t\t\t\t\t\t<\/div>\n\t\t\t\t<div class=\"elementor-element elementor-element-fea6f55 elementor-cta--skin-cover elementor-cta--valign-bottom call-to-action-width elementor-widget elementor-widget-call-to-action\" data-id=\"fea6f55\" data-element_type=\"widget\" data-widget_type=\"call-to-action.default\">\n\t\t\t\t\t\t\t<div class=\"elementor-cta\">\n\t\t\t\t\t<div class=\"elementor-cta__bg-wrapper\">\n\t\t\t\t<div class=\"elementor-cta__bg elementor-bg\" style=\"background-image: url(https:\/\/mortadellabologna.com\/wp-content\/uploads\/2025\/09\/controllo.png);\" role=\"img\" aria-label=\"controllo\"><\/div>\n\t\t\t\t<div class=\"elementor-cta__bg-overlay\"><\/div>\n\t\t\t<\/div>\n\t\t\t\t\t\t\t<div class=\"elementor-cta__content\">\n\t\t\t\t\n\t\t\t\t\t\t\t\t\t<h4 class=\"elementor-cta__title elementor-cta__content-item elementor-content-item\">\n\t\t\t\t\t\tControlar\t\t\t\t\t<\/h4>\n\t\t\t\t\n\t\t\t\t\t\t\t\t\t<div class=\"elementor-cta__description elementor-cta__content-item elementor-content-item\">\n\t\t\t\t\t\tEl objetivo del Consorcio es proteger la Mortadela de Bolonia IGP de cualquier imitaci\u00f3n.\t\t\t\t\t<\/div>\n\t\t\t\t\n\t\t\t\t\t\t\t<\/div>\n\t\t\t\t\t\t<\/div>\n\t\t\t\t\t\t<\/div>\n\t\t\t\t\t<\/div>\n\t\t\t\t<\/div>\n\t\t\t\t<div class=\"elementor-element elementor-element-cdcd02e elementor-widget elementor-widget-button\" data-id=\"cdcd02e\" data-element_type=\"widget\" data-widget_type=\"button.default\">\n\t\t\t\t\t\t\t\t\t\t<a class=\"elementor-button elementor-button-link elementor-size-sm\" href=\"https:\/\/mortadellabologna.com\/es\/consorzio\/\">\n\t\t\t\t\t\t<span class=\"elementor-button-content-wrapper\">\n\t\t\t\t\t\t\t\t\t<span class=\"elementor-button-text\">Descubre el consorcio<\/span>\n\t\t\t\t\t<\/span>\n\t\t\t\t\t<\/a>\n\t\t\t\t\t\t\t\t<\/div>\n\t\t\t\t<\/div>\n\t\t<div class=\"elementor-element elementor-element-89ae2bb e-flex e-con-boxed e-con e-parent\" data-id=\"89ae2bb\" data-element_type=\"container\">\n\t\t\t\t\t<div class=\"e-con-inner\">\n\t\t\t\t<div class=\"elementor-element elementor-element-165a060 elementor-widget elementor-widget-image\" data-id=\"165a060\" data-element_type=\"widget\" data-widget_type=\"image.default\">\n\t\t\t\t\t\t\t\t\t\t\t\t\t\t\t<img fetchpriority=\"high\" decoding=\"async\" width=\"1359\" height=\"466\" src=\"https:\/\/mortadellabologna.kleecks-cdn.com\/wp-content\/uploads\/2025\/09\/rettangolo.png\" class=\"attachment-full size-full wp-image-8076\" alt=\"rettangolo\" srcset=\"https:\/\/mortadellabologna.kleecks-cdn.com\/wp-content\/uploads\/2025\/09\/rettangolo.png%201359w,%20https:\/mortadellabologna.kleecks-cdn.com\/wp-content\/uploads\/2025\/09\/rettangolo-300x103.png%20300w,%20https:\/mortadellabologna.kleecks-cdn.com\/wp-content\/uploads\/2025\/09\/rettangolo-1024x351.png%201024w,%20https:\/mortadellabologna.kleecks-cdn.com\/wp-content\/uploads\/2025\/09\/rettangolo-768x263.png%20768w\" sizes=\"(max-width: 1359px) 100vw, 1359px\" \/>\t\t\t\t\t\t\t\t\t\t\t\t\t\t\t<\/div>\n\t\t\t\t\t<\/div>\n\t\t\t\t<\/div>\n\t\t\t\t<\/div>\n\t\t","protected":false},"excerpt":{"rendered":"<p>El Consorzio italiano tutela Mortadella Bologna Bienvenido al reino de la Reina Rosa M\u00c1S INFORMACI\u00d3N NUESTRO MUNDO Consorzio Italiano Tutela Mortadella Bologna Fundado oficialmente en 2001, el Consorcio re\u00fane a los productores de Mortadela Bologna IGP y est\u00e1 constantemente comprometido con la realizaci\u00f3n de tres objetivos: proteger, promover y valorizar esta preciada carne curada. Calidad [&hellip;]<\/p>\n","protected":false},"author":1,"featured_media":0,"parent":0,"menu_order":0,"comment_status":"closed","ping_status":"closed","template":"","meta":{"_acf_changed":false,"footnotes":""},"class_list":["post-8077","page","type-page","status-publish","hentry"],"acf":[],"yoast_head":"<!-- This site is optimized with the Yoast SEO plugin v26.2 - https:\/\/yoast.com\/wordpress\/plugins\/seo\/ -->\n<title>Hogar - Mortadella Bologna<\/title>\n<meta name=\"robots\" content=\"index, follow, max-snippet:-1, max-image-preview:large, max-video-preview:-1\" \/>\n<link rel=\"canonical\" href=\"https:\/\/mortadellabologna.com\/es\/\" \/>\n<meta property=\"og:locale\" content=\"es_ES\" \/>\n<meta property=\"og:type\" content=\"article\" \/>\n<meta property=\"og:title\" content=\"Hogar - Mortadella Bologna\" \/>\n<meta property=\"og:description\" content=\"El Consorzio italiano tutela Mortadella Bologna Bienvenido al reino de la Reina Rosa M\u00c1S INFORMACI\u00d3N NUESTRO MUNDO Consorzio Italiano Tutela Mortadella Bologna Fundado oficialmente en 2001, el Consorcio re\u00fane a los productores de Mortadela Bologna IGP y est\u00e1 constantemente comprometido con la realizaci\u00f3n de tres objetivos: proteger, promover y valorizar esta preciada carne curada. Calidad [&hellip;]\" \/>\n<meta property=\"og:url\" content=\"https:\/\/mortadellabologna.com\/es\/\" \/>\n<meta property=\"og:site_name\" content=\"Mortadella Bologna\" \/>\n<meta property=\"article:modified_time\" content=\"2025-11-11T15:36:19+00:00\" \/>\n<meta property=\"og:image\" content=\"https:\/\/mortadellabologna.kleecks-cdn.com\/wp-content\/uploads\/2025\/09\/rettangolo.png\" \/>\n\t<meta property=\"og:image:width\" content=\"1359\" \/>\n\t<meta property=\"og:image:height\" content=\"466\" \/>\n\t<meta property=\"og:image:type\" content=\"image\/png\" \/>\n<meta name=\"twitter:card\" content=\"summary_large_image\" \/>\n<meta name=\"twitter:label1\" content=\"Tiempo de lectura\" \/>\n\t<meta name=\"twitter:data1\" content=\"1 minuto\" \/>\n<script type=\"application\/ld+json\" class=\"yoast-schema-graph\">{\"@context\":\"https:\/\/schema.org\",\"@graph\":[{\"@type\":\"WebPage\",\"@id\":\"https:\/\/mortadellabologna.com\/es\/\",\"url\":\"https:\/\/mortadellabologna.com\/es\/\",\"name\":\"Hogar - Mortadella Bologna\",\"isPartOf\":{\"@id\":\"https:\/\/mortadellabologna.com\/es\/#website\"},\"primaryImageOfPage\":{\"@id\":\"https:\/\/mortadellabologna.com\/es\/#primaryimage\"},\"image\":{\"@id\":\"https:\/\/mortadellabologna.com\/es\/#primaryimage\"},\"thumbnailUrl\":\"https:\/\/mortadellabologna.kleecks-cdn.com\/wp-content\/uploads\/2025\/09\/rettangolo.png\",\"datePublished\":\"2025-08-27T05:33:38+00:00\",\"dateModified\":\"2025-11-11T15:36:19+00:00\",\"breadcrumb\":{\"@id\":\"https:\/\/mortadellabologna.com\/es\/#breadcrumb\"},\"inLanguage\":\"es\",\"potentialAction\":[{\"@type\":\"ReadAction\",\"target\":[\"https:\/\/mortadellabologna.com\/es\/\"]}]},{\"@type\":\"ImageObject\",\"inLanguage\":\"es\",\"@id\":\"https:\/\/mortadellabologna.com\/es\/#primaryimage\",\"url\":\"https:\/\/mortadellabologna.kleecks-cdn.com\/wp-content\/uploads\/2025\/09\/rettangolo.png\",\"contentUrl\":\"https:\/\/mortadellabologna.kleecks-cdn.com\/wp-content\/uploads\/2025\/09\/rettangolo.png\"},{\"@type\":\"BreadcrumbList\",\"@id\":\"https:\/\/mortadellabologna.com\/es\/#breadcrumb\",\"itemListElement\":[{\"@type\":\"ListItem\",\"position\":1,\"name\":\"Home\",\"item\":\"https:\/\/mortadellabologna.com\/es\/\"},{\"@type\":\"ListItem\",\"position\":2,\"name\":\"Hogar\"}]},{\"@type\":\"WebSite\",\"@id\":\"https:\/\/mortadellabologna.com\/es\/#website\",\"url\":\"https:\/\/mortadellabologna.com\/es\/\",\"name\":\"Mortadella Bologna\",\"description\":\"Consorzio Mortadella Bologna \",\"potentialAction\":[{\"@type\":\"SearchAction\",\"target\":{\"@type\":\"EntryPoint\",\"urlTemplate\":\"https:\/\/mortadellabologna.com\/es\/?s={search_term_string}\"},\"query-input\":{\"@type\":\"PropertyValueSpecification\",\"valueRequired\":true,\"valueName\":\"search_term_string\"}}],\"inLanguage\":\"es\"}]}<\/script>\n<!-- \/ Yoast SEO plugin. -->","yoast_head_json":{"title":"Hogar - Mortadella Bologna","robots":{"index":"index","follow":"follow","max-snippet":"max-snippet:-1","max-image-preview":"max-image-preview:large","max-video-preview":"max-video-preview:-1"},"canonical":"https:\/\/mortadellabologna.com\/es\/","og_locale":"es_ES","og_type":"article","og_title":"Hogar - Mortadella Bologna","og_description":"El Consorzio italiano tutela Mortadella Bologna Bienvenido al reino de la Reina Rosa M\u00c1S INFORMACI\u00d3N NUESTRO MUNDO Consorzio Italiano Tutela Mortadella Bologna Fundado oficialmente en 2001, el Consorcio re\u00fane a los productores de Mortadela Bologna IGP y est\u00e1 constantemente comprometido con la realizaci\u00f3n de tres objetivos: proteger, promover y valorizar esta preciada carne curada. Calidad [&hellip;]","og_url":"https:\/\/mortadellabologna.com\/es\/","og_site_name":"Mortadella Bologna","article_modified_time":"2025-11-11T15:36:19+00:00","og_image":[{"width":1359,"height":466,"url":"https:\/\/mortadellabologna.kleecks-cdn.com\/wp-content\/uploads\/2025\/09\/rettangolo.png","type":"image\/png"}],"twitter_card":"summary_large_image","twitter_misc":{"Tiempo de lectura":"1 minuto"},"schema":{"@context":"https:\/\/schema.org","@graph":[{"@type":"WebPage","@id":"https:\/\/mortadellabologna.com\/es\/","url":"https:\/\/mortadellabologna.com\/es\/","name":"Hogar - Mortadella Bologna","isPartOf":{"@id":"https:\/\/mortadellabologna.com\/es\/#website"},"primaryImageOfPage":{"@id":"https:\/\/mortadellabologna.com\/es\/#primaryimage"},"image":{"@id":"https:\/\/mortadellabologna.com\/es\/#primaryimage"},"thumbnailUrl":"https:\/\/mortadellabologna.kleecks-cdn.com\/wp-content\/uploads\/2025\/09\/rettangolo.png","datePublished":"2025-08-27T05:33:38+00:00","dateModified":"2025-11-11T15:36:19+00:00","breadcrumb":{"@id":"https:\/\/mortadellabologna.com\/es\/#breadcrumb"},"inLanguage":"es","potentialAction":[{"@type":"ReadAction","target":["https:\/\/mortadellabologna.com\/es\/"]}]},{"@type":"ImageObject","inLanguage":"es","@id":"https:\/\/mortadellabologna.com\/es\/#primaryimage","url":"https:\/\/mortadellabologna.kleecks-cdn.com\/wp-content\/uploads\/2025\/09\/rettangolo.png","contentUrl":"https:\/\/mortadellabologna.kleecks-cdn.com\/wp-content\/uploads\/2025\/09\/rettangolo.png"},{"@type":"BreadcrumbList","@id":"https:\/\/mortadellabologna.com\/es\/#breadcrumb","itemListElement":[{"@type":"ListItem","position":1,"name":"Home","item":"https:\/\/mortadellabologna.com\/es\/"},{"@type":"ListItem","position":2,"name":"Hogar"}]},{"@type":"WebSite","@id":"https:\/\/mortadellabologna.com\/es\/#website","url":"https:\/\/mortadellabologna.com\/es\/","name":"Mortadella Bologna","description":"Consorzio Mortadella Bologna ","potentialAction":[{"@type":"SearchAction","target":{"@type":"EntryPoint","urlTemplate":"https:\/\/mortadellabologna.com\/es\/?s={search_term_string}"},"query-input":{"@type":"PropertyValueSpecification","valueRequired":true,"valueName":"search_term_string"}}],"inLanguage":"es"}]}},"_links":{"self":[{"href":"https:\/\/mortadellabologna.com\/es\/wp-json\/wp\/v2\/pages\/8077","targetHints":{"allow":["GET"]}}],"collection":[{"href":"https:\/\/mortadellabologna.com\/es\/wp-json\/wp\/v2\/pages"}],"about":[{"href":"https:\/\/mortadellabologna.com\/es\/wp-json\/wp\/v2\/types\/page"}],"author":[{"embeddable":true,"href":"https:\/\/mortadellabologna.com\/es\/wp-json\/wp\/v2\/users\/1"}],"replies":[{"embeddable":true,"href":"https:\/\/mortadellabologna.com\/es\/wp-json\/wp\/v2\/comments?post=8077"}],"version-history":[{"count":12,"href":"https:\/\/mortadellabologna.com\/es\/wp-json\/wp\/v2\/pages\/8077\/revisions"}],"predecessor-version":[{"id":11730,"href":"https:\/\/mortadellabologna.com\/es\/wp-json\/wp\/v2\/pages\/8077\/revisions\/11730"}],"wp:attachment":[{"href":"https:\/\/mortadellabologna.com\/es\/wp-json\/wp\/v2\/media?parent=8077"}],"curies":[{"name":"wp","href":"https:\/\/api.w.org\/{rel}","templated":true}]}}